{"id":15792,"date":"2025-09-08T09:49:29","date_gmt":"2025-09-08T09:49:29","guid":{"rendered":"https:\/\/marsetiketmatbaa.com.tr\/?page_id=15792"},"modified":"2025-09-17T14:23:24","modified_gmt":"2025-09-17T14:23:24","slug":"ana-sayfa","status":"publish","type":"page","link":"https:\/\/marsetiketmatbaa.com.tr\/en\/","title":{"rendered":"Home page"},"content":{"rendered":"<div data-elementor-type=\"wp-page\" data-elementor-id=\"15792\" class=\"elementor elementor-15792\" data-elementor-post-type=\"page\">\n\t\t\t\t\t\t<section class=\"elementor-section elementor-top-section elementor-element elementor-element-a7560fb elementor-section-full_width elementor-section-height-full elementor-section-content-middle elementor-section-height-default elementor-section-items-middle\" data-id=\"a7560fb\" data-element_type=\"section\" data-e-type=\"section\" data-settings=\"{&quot;background_background&quot;:&quot;video&quot;,&quot;background_video_link&quot;:&quot;https:\\\/\\\/marsetiketmatbaa.com.tr\\\/wp-content\\\/uploads\\\/2025\\\/09\\\/mars-video1.mp4&quot;,&quot;background_play_on_mobile&quot;:&quot;yes&quot;}\">\n\t\t\t\t\t\t\t\t<div class=\"elementor-background-video-container\">\n\t\t\t\t\t\t\t\t\t\t\t\t\t<video class=\"elementor-background-video-hosted\" role=\"presentation\" autoplay muted playsinline loop><\/video>\n\t\t\t\t\t\t\t\t\t\t\t<\/div>\n\t\t\t\t\t\t\t\t\t<div class=\"elementor-background-overlay\"><\/div>\n\t\t\t\t\t\t\t<div class=\"elementor-container elementor-column-gap-default\">\n\t\t\t\t\t<div class=\"elementor-column elementor-col-100 elementor-top-column elementor-element elementor-element-7f6ae0f\" data-id=\"7f6ae0f\" data-element_type=\"column\" data-e-type=\"column\">\n\t\t\t<div class=\"elementor-widget-wrap elementor-element-populated\">\n\t\t\t\t\t\t<div class=\"elementor-element elementor-element-ed8ae17 animated-fast elementor-invisible elementor-widget elementor-widget-heading\" data-id=\"ed8ae17\" data-element_type=\"widget\" data-e-type=\"widget\" data-settings=\"{&quot;_animation&quot;:&quot;fadeInLeft&quot;}\" data-widget_type=\"heading.default\">\n\t\t\t\t<div class=\"elementor-widget-container\">\n\t\t\t\t\t<h1 class=\"elementor-heading-title elementor-size-default\">Mars Label &amp; Printing<\/h1>\t\t\t\t<\/div>\n\t\t\t\t<\/div>\n\t\t\t\t<div class=\"elementor-element elementor-element-9f82acf elementor-invisible elementor-widget elementor-widget-text-editor\" data-id=\"9f82acf\" data-element_type=\"widget\" data-e-type=\"widget\" data-settings=\"{&quot;_animation&quot;:&quot;fadeInRight&quot;}\" data-widget_type=\"text-editor.default\">\n\t\t\t\t<div class=\"elementor-widget-container\">\n\t\t\t\t\t\t\t\t\t<h3>Every Label is a Contact, Every Contact is a Story.<\/h3>\t\t\t\t\t\t\t\t<\/div>\n\t\t\t\t<\/div>\n\t\t\t\t<div class=\"elementor-element elementor-element-266c0ab elementor-align-center elementor-invisible elementor-widget elementor-widget-button\" data-id=\"266c0ab\" data-element_type=\"widget\" data-e-type=\"widget\" data-settings=\"{&quot;_animation&quot;:&quot;fadeInUp&quot;}\" data-widget_type=\"button.default\">\n\t\t\t\t<div class=\"elementor-widget-container\">\n\t\t\t\t\t\t\t\t\t<div class=\"elementor-button-wrapper\">\n\t\t\t\t\t<a class=\"elementor-button elementor-button-link elementor-size-sm\" href=\"https:\/\/marsetiketmatbaa.com.tr\/en\/iletisim\/\">\n\t\t\t\t\t\t<span class=\"elementor-button-content-wrapper\">\n\t\t\t\t\t\t\t\t\t<span class=\"elementor-button-text\">Communication<\/span>\n\t\t\t\t\t<\/span>\n\t\t\t\t\t<\/a>\n\t\t\t\t<\/div>\n\t\t\t\t\t\t\t\t<\/div>\n\t\t\t\t<\/div>\n\t\t\t\t\t<\/div>\n\t\t<\/div>\n\t\t\t\t\t<\/div>\n\t\t<\/section>\n\t\t\t\t<section class=\"elementor-section elementor-top-section elementor-element elementor-element-7f0db05 elementor-section-boxed elementor-section-height-default elementor-section-height-default\" data-id=\"7f0db05\" data-element_type=\"section\" data-e-type=\"section\">\n\t\t\t\t\t\t<div class=\"elementor-container elementor-column-gap-default\">\n\t\t\t\t\t<div class=\"elementor-column elementor-col-100 elementor-top-column elementor-element elementor-element-dc1d5d5\" data-id=\"dc1d5d5\" data-element_type=\"column\" data-e-type=\"column\">\n\t\t\t<div class=\"elementor-widget-wrap elementor-element-populated\">\n\t\t\t\t\t\t<div class=\"elementor-element elementor-element-a3b477d elementor-widget elementor-widget-spacer\" data-id=\"a3b477d\" data-element_type=\"widget\" data-e-type=\"widget\" data-widget_type=\"spacer.default\">\n\t\t\t\t<div class=\"elementor-widget-container\">\n\t\t\t\t\t\t\t<div class=\"elementor-spacer\">\n\t\t\t<div class=\"elementor-spacer-inner\"><\/div>\n\t\t<\/div>\n\t\t\t\t\t\t<\/div>\n\t\t\t\t<\/div>\n\t\t\t\t<div class=\"elementor-element elementor-element-3280e49 elementor-widget elementor-widget-heading\" data-id=\"3280e49\" data-element_type=\"widget\" data-e-type=\"widget\" data-widget_type=\"heading.default\">\n\t\t\t\t<div class=\"elementor-widget-container\">\n\t\t\t\t\t<h3 class=\"elementor-heading-title elementor-size-default\">Mars Label \u2013 The Heart of the Label Beats Here<\/h3>\t\t\t\t<\/div>\n\t\t\t\t<\/div>\n\t\t\t\t<div class=\"elementor-element elementor-element-a439fae elementor-widget elementor-widget-text-editor\" data-id=\"a439fae\" data-element_type=\"widget\" data-e-type=\"widget\" data-widget_type=\"text-editor.default\">\n\t\t\t\t<div class=\"elementor-widget-container\">\n\t\t\t\t\t\t\t\t\t<p>A label is a product's identity, a brand's showcase, and the first point of contact with the customer. At Mars Label, we offer esthetic, functional, and high-quality label solutions with years of experience. We don't just design a label; we design a detail that adds value to your brand and highlights your product.<\/p>\t\t\t\t\t\t\t\t<\/div>\n\t\t\t\t<\/div>\n\t\t\t\t<div class=\"elementor-element elementor-element-85ffdcc elementor-widget__width-inherit elementor-widget-divider--view-line elementor-widget elementor-widget-divider\" data-id=\"85ffdcc\" data-element_type=\"widget\" data-e-type=\"widget\" data-widget_type=\"divider.default\">\n\t\t\t\t<div class=\"elementor-widget-container\">\n\t\t\t\t\t\t\t<div class=\"elementor-divider\">\n\t\t\t<span class=\"elementor-divider-separator\">\n\t\t\t\t\t\t<\/span>\n\t\t<\/div>\n\t\t\t\t\t\t<\/div>\n\t\t\t\t<\/div>\n\t\t\t\t<div class=\"elementor-element elementor-element-1c5f81a elementor-widget elementor-widget-spacer\" data-id=\"1c5f81a\" data-element_type=\"widget\" data-e-type=\"widget\" data-widget_type=\"spacer.default\">\n\t\t\t\t<div class=\"elementor-widget-container\">\n\t\t\t\t\t\t\t<div class=\"elementor-spacer\">\n\t\t\t<div class=\"elementor-spacer-inner\"><\/div>\n\t\t<\/div>\n\t\t\t\t\t\t<\/div>\n\t\t\t\t<\/div>\n\t\t\t\t\t<\/div>\n\t\t<\/div>\n\t\t\t\t\t<\/div>\n\t\t<\/section>\n\t\t\t\t<section class=\"elementor-section elementor-top-section elementor-element elementor-element-e94c3ce elementor-section-boxed elementor-section-height-default elementor-section-height-default\" data-id=\"e94c3ce\" data-element_type=\"section\" data-e-type=\"section\">\n\t\t\t\t\t\t<div class=\"elementor-container elementor-column-gap-default\">\n\t\t\t\t\t<div class=\"elementor-column elementor-col-100 elementor-top-column elementor-element elementor-element-3363cbc\" data-id=\"3363cbc\" data-element_type=\"column\" data-e-type=\"column\">\n\t\t\t<div class=\"elementor-widget-wrap elementor-element-populated\">\n\t\t\t\t\t\t<div class=\"elementor-element elementor-element-f102c66 elementor-widget elementor-widget-heading\" data-id=\"f102c66\" data-element_type=\"widget\" data-e-type=\"widget\" data-widget_type=\"heading.default\">\n\t\t\t\t<div class=\"elementor-widget-container\">\n\t\t\t\t\t<h2 class=\"elementor-heading-title elementor-size-default\">Blog and Articles<\/h2>\t\t\t\t<\/div>\n\t\t\t\t<\/div>\n\t\t\t\t\t<\/div>\n\t\t<\/div>\n\t\t\t\t\t<\/div>\n\t\t<\/section>\n\t\t\t\t<section class=\"elementor-section elementor-top-section elementor-element elementor-element-533ed82 elementor-section-boxed elementor-section-height-default elementor-section-height-default\" data-id=\"533ed82\" data-element_type=\"section\" data-e-type=\"section\">\n\t\t\t\t\t\t<div class=\"elementor-container elementor-column-gap-default\">\n\t\t\t\t\t<div class=\"elementor-column elementor-col-100 elementor-top-column elementor-element elementor-element-cfb4ce7\" data-id=\"cfb4ce7\" data-element_type=\"column\" data-e-type=\"column\">\n\t\t\t<div class=\"elementor-widget-wrap elementor-element-populated\">\n\t\t\t\t\t\t<div class=\"elementor-element elementor-element-811ea7f elementor-grid-3 elementor-grid-tablet-2 elementor-grid-mobile-1 elementor-posts--thumbnail-top elementor-widget elementor-widget-posts\" data-id=\"811ea7f\" data-element_type=\"widget\" data-e-type=\"widget\" data-settings=\"{&quot;classic_row_gap&quot;:{&quot;unit&quot;:&quot;px&quot;,&quot;size&quot;:33,&quot;sizes&quot;:[]},&quot;classic_columns&quot;:&quot;3&quot;,&quot;classic_columns_tablet&quot;:&quot;2&quot;,&quot;classic_columns_mobile&quot;:&quot;1&quot;,&quot;classic_row_gap_tablet&quot;:{&quot;unit&quot;:&quot;px&quot;,&quot;size&quot;:&quot;&quot;,&quot;sizes&quot;:[]},&quot;classic_row_gap_mobile&quot;:{&quot;unit&quot;:&quot;px&quot;,&quot;size&quot;:&quot;&quot;,&quot;sizes&quot;:[]}}\" data-widget_type=\"posts.classic\">\n\t\t\t\t<div class=\"elementor-widget-container\">\n\t\t\t\t\t\t\t<div class=\"elementor-posts-container elementor-posts elementor-posts--skin-classic elementor-grid\">\n\t\t\t\t<article class=\"elementor-post elementor-grid-item post-15585 post type-post status-publish format-standard has-post-thumbnail hentry category-etiket-matbaa\">\n\t\t\t\t<a class=\"elementor-post__thumbnail__link\" href=\"https:\/\/marsetiketmatbaa.com.tr\/en\/urun-guvenligini-artirmanin-yolu-hologram-ve-guvenlik-etiketleri\/\" >\n\t\t\t<div class=\"elementor-post__thumbnail\"><img fetchpriority=\"high\" decoding=\"async\" width=\"2048\" height=\"2048\" src=\"https:\/\/marsetiketmatbaa.com.tr\/wp-content\/uploads\/2025\/09\/blog1.png\" class=\"attachment-full size-full wp-image-15877\" alt=\"\" srcset=\"https:\/\/marsetiketmatbaa.com.tr\/wp-content\/uploads\/2025\/09\/blog1.png 2048w, https:\/\/marsetiketmatbaa.com.tr\/wp-content\/uploads\/2025\/09\/blog1-300x300.png 300w, https:\/\/marsetiketmatbaa.com.tr\/wp-content\/uploads\/2025\/09\/blog1-1024x1024.png 1024w, https:\/\/marsetiketmatbaa.com.tr\/wp-content\/uploads\/2025\/09\/blog1-150x150.png 150w, https:\/\/marsetiketmatbaa.com.tr\/wp-content\/uploads\/2025\/09\/blog1-768x768.png 768w, https:\/\/marsetiketmatbaa.com.tr\/wp-content\/uploads\/2025\/09\/blog1-1536x1536.png 1536w, https:\/\/marsetiketmatbaa.com.tr\/wp-content\/uploads\/2025\/09\/blog1-12x12.png 12w\" sizes=\"(max-width: 2048px) 100vw, 2048px\" \/><\/div>\n\t\t<\/a>\n\t\t\t\t<div class=\"elementor-post__text\">\n\t\t\t\t<h3 class=\"elementor-post__title\">\n\t\t\t<a href=\"https:\/\/marsetiketmatbaa.com.tr\/en\/urun-guvenligini-artirmanin-yolu-hologram-ve-guvenlik-etiketleri\/\" >\n\t\t\t\tHow to Increase Product Security: Holograms and Security Labels\t\t\t<\/a>\n\t\t<\/h3>\n\t\t\t\t<div class=\"elementor-post__excerpt\">\n\t\t\t<p>Counterfeit goods pose a significant risk to brands, damaging their reputation and leading to significant financial losses. <\/p>\n\t\t<\/div>\n\t\t\n\t\t<a class=\"elementor-post__read-more\" href=\"https:\/\/marsetiketmatbaa.com.tr\/en\/urun-guvenligini-artirmanin-yolu-hologram-ve-guvenlik-etiketleri\/\" aria-label=\"Read more about \u00dcr\u00fcn G\u00fcvenli\u011fini Art\u0131rman\u0131n Yolu: Hologram ve G\u00fcvenlik Etiketleri\" >\n\t\t\tMore&quot;\t\t<\/a>\n\n\t\t\t\t<\/div>\n\t\t\t\t<\/article>\n\t\t\t\t<article class=\"elementor-post elementor-grid-item post-15582 post type-post status-publish format-standard has-post-thumbnail hentry category-etiket-matbaa\">\n\t\t\t\t<a class=\"elementor-post__thumbnail__link\" href=\"https:\/\/marsetiketmatbaa.com.tr\/en\/surdurulebilir-markalar-icin-cevre-dostu-etiket-cozumleri\/\" >\n\t\t\t<div class=\"elementor-post__thumbnail\"><img decoding=\"async\" width=\"2048\" height=\"2048\" src=\"https:\/\/marsetiketmatbaa.com.tr\/wp-content\/uploads\/2025\/09\/blog2.png\" class=\"attachment-full size-full wp-image-15878\" alt=\"\" srcset=\"https:\/\/marsetiketmatbaa.com.tr\/wp-content\/uploads\/2025\/09\/blog2.png 2048w, https:\/\/marsetiketmatbaa.com.tr\/wp-content\/uploads\/2025\/09\/blog2-300x300.png 300w, https:\/\/marsetiketmatbaa.com.tr\/wp-content\/uploads\/2025\/09\/blog2-1024x1024.png 1024w, https:\/\/marsetiketmatbaa.com.tr\/wp-content\/uploads\/2025\/09\/blog2-150x150.png 150w, https:\/\/marsetiketmatbaa.com.tr\/wp-content\/uploads\/2025\/09\/blog2-768x768.png 768w, https:\/\/marsetiketmatbaa.com.tr\/wp-content\/uploads\/2025\/09\/blog2-1536x1536.png 1536w, https:\/\/marsetiketmatbaa.com.tr\/wp-content\/uploads\/2025\/09\/blog2-12x12.png 12w\" sizes=\"(max-width: 2048px) 100vw, 2048px\" \/><\/div>\n\t\t<\/a>\n\t\t\t\t<div class=\"elementor-post__text\">\n\t\t\t\t<h3 class=\"elementor-post__title\">\n\t\t\t<a href=\"https:\/\/marsetiketmatbaa.com.tr\/en\/surdurulebilir-markalar-icin-cevre-dostu-etiket-cozumleri\/\" >\n\t\t\t\tEco-Friendly Label Solutions for Sustainable and Recycle Brands\t\t\t<\/a>\n\t\t<\/h3>\n\t\t\t\t<div class=\"elementor-post__excerpt\">\n\t\t\t<p>Today, consumers consider not only the quality of the product but also the environmental awareness of the brand in their purchasing decisions.<\/p>\n\t\t<\/div>\n\t\t\n\t\t<a class=\"elementor-post__read-more\" href=\"https:\/\/marsetiketmatbaa.com.tr\/en\/surdurulebilir-markalar-icin-cevre-dostu-etiket-cozumleri\/\" aria-label=\"Read more about S\u00fcrd\u00fcr\u00fclebilir Markalar \u0130\u00e7in \u00c7evre Dostu Etiket \u00c7\u00f6z\u00fcmleri\" >\n\t\t\tMore&quot;\t\t<\/a>\n\n\t\t\t\t<\/div>\n\t\t\t\t<\/article>\n\t\t\t\t<article class=\"elementor-post elementor-grid-item post-15579 post type-post status-publish format-standard has-post-thumbnail hentry category-etiket-matbaa\">\n\t\t\t\t<a class=\"elementor-post__thumbnail__link\" href=\"https:\/\/marsetiketmatbaa.com.tr\/en\/sadece-bir-bilgi-tasiyici-degil-markanizin-yuzudur\/\" >\n\t\t\t<div class=\"elementor-post__thumbnail\"><img decoding=\"async\" width=\"2048\" height=\"2048\" src=\"https:\/\/marsetiketmatbaa.com.tr\/wp-content\/uploads\/2025\/09\/blog-3.png\" class=\"attachment-full size-full wp-image-15882\" alt=\"\" srcset=\"https:\/\/marsetiketmatbaa.com.tr\/wp-content\/uploads\/2025\/09\/blog-3.png 2048w, https:\/\/marsetiketmatbaa.com.tr\/wp-content\/uploads\/2025\/09\/blog-3-300x300.png 300w, https:\/\/marsetiketmatbaa.com.tr\/wp-content\/uploads\/2025\/09\/blog-3-1024x1024.png 1024w, https:\/\/marsetiketmatbaa.com.tr\/wp-content\/uploads\/2025\/09\/blog-3-150x150.png 150w, https:\/\/marsetiketmatbaa.com.tr\/wp-content\/uploads\/2025\/09\/blog-3-768x768.png 768w, https:\/\/marsetiketmatbaa.com.tr\/wp-content\/uploads\/2025\/09\/blog-3-1536x1536.png 1536w, https:\/\/marsetiketmatbaa.com.tr\/wp-content\/uploads\/2025\/09\/blog-3-12x12.png 12w\" sizes=\"(max-width: 2048px) 100vw, 2048px\" \/><\/div>\n\t\t<\/a>\n\t\t\t\t<div class=\"elementor-post__text\">\n\t\t\t\t<h3 class=\"elementor-post__title\">\n\t\t\t<a href=\"https:\/\/marsetiketmatbaa.com.tr\/en\/sadece-bir-bilgi-tasiyici-degil-markanizin-yuzudur\/\" >\n\t\t\t\tIt&#039;s Not Just an Information Carrier, It&#039;s the Face of Your Brand\t\t\t<\/a>\n\t\t<\/h3>\n\t\t\t\t<div class=\"elementor-post__excerpt\">\n\t\t\t<p>Many factors, from the shelf life of a product to its packaging, influence the consumer&#039;s purchasing decision.<\/p>\n\t\t<\/div>\n\t\t\n\t\t<a class=\"elementor-post__read-more\" href=\"https:\/\/marsetiketmatbaa.com.tr\/en\/sadece-bir-bilgi-tasiyici-degil-markanizin-yuzudur\/\" aria-label=\"Read more about Sadece Bir Bilgi Ta\u015f\u0131y\u0131c\u0131 De\u011fil, Markan\u0131z\u0131n Y\u00fcz\u00fcd\u00fcr\" >\n\t\t\tMore&quot;\t\t<\/a>\n\n\t\t\t\t<\/div>\n\t\t\t\t<\/article>\n\t\t\t\t<\/div>\n\t\t\n\t\t\t\t\t\t<\/div>\n\t\t\t\t<\/div>\n\t\t\t\t\t<\/div>\n\t\t<\/div>\n\t\t\t\t\t<\/div>\n\t\t<\/section>\n\t\t\t\t<\/div>","protected":false},"excerpt":{"rendered":"<p>Mars Etiket &amp; Matbaac\u0131l\u0131k Her Etiket Bir Temas, Her Temas Bir Hik\u00e2yedir. \u0130leti\u015fim Mars Etiket \u2013 Etiketin Kalbi Burada At\u0131yor Etiket, bir \u00fcr\u00fcn\u00fcn kimli\u011fi, markan\u0131n vitrini ve m\u00fc\u015fteriye ilk temas noktas\u0131d\u0131r. Mars Etiket olarak, y\u0131llar\u0131n tecr\u00fcbesiyle estetik, i\u015flevsel ve kaliteli etiket \u00e7\u00f6z\u00fcmleri sunuyoruz. Sadece bir etiket de\u011fil; markan\u0131za de\u011fer katan, \u00fcr\u00fcn\u00fcn\u00fcz\u00fc \u00f6ne \u00e7\u0131karan bir detay [&hellip;]<\/p>","protected":false},"author":1,"featured_media":0,"parent":0,"menu_order":0,"comment_status":"closed","ping_status":"closed","template":"","meta":{"footnotes":""},"class_list":["post-15792","page","type-page","status-publish","hentry"],"_links":{"self":[{"href":"https:\/\/marsetiketmatbaa.com.tr\/en\/wp-json\/wp\/v2\/pages\/15792","targetHints":{"allow":["GET"]}}],"collection":[{"href":"https:\/\/marsetiketmatbaa.com.tr\/en\/wp-json\/wp\/v2\/pages"}],"about":[{"href":"https:\/\/marsetiketmatbaa.com.tr\/en\/wp-json\/wp\/v2\/types\/page"}],"author":[{"embeddable":true,"href":"https:\/\/marsetiketmatbaa.com.tr\/en\/wp-json\/wp\/v2\/users\/1"}],"replies":[{"embeddable":true,"href":"https:\/\/marsetiketmatbaa.com.tr\/en\/wp-json\/wp\/v2\/comments?post=15792"}],"version-history":[{"count":33,"href":"https:\/\/marsetiketmatbaa.com.tr\/en\/wp-json\/wp\/v2\/pages\/15792\/revisions"}],"predecessor-version":[{"id":16068,"href":"https:\/\/marsetiketmatbaa.com.tr\/en\/wp-json\/wp\/v2\/pages\/15792\/revisions\/16068"}],"wp:attachment":[{"href":"https:\/\/marsetiketmatbaa.com.tr\/en\/wp-json\/wp\/v2\/media?parent=15792"}],"curies":[{"name":"wp","href":"https:\/\/api.w.org\/{rel}","templated":true}]}}