{"id":15383,"date":"2025-08-07T12:24:03","date_gmt":"2025-08-07T12:24:03","guid":{"rendered":"https:\/\/marsetiketmatbaa.com.tr\/?page_id=15383"},"modified":"2025-09-24T09:15:56","modified_gmt":"2025-09-24T09:15:56","slug":"deri-etiketler","status":"publish","type":"page","link":"https:\/\/marsetiketmatbaa.com.tr\/en\/deri-etiketler\/","title":{"rendered":"Leather Labels"},"content":{"rendered":"<div data-elementor-type=\"wp-page\" data-elementor-id=\"15383\" class=\"elementor elementor-15383\" data-elementor-post-type=\"page\">\n\t\t\t\t\t\t<section class=\"elementor-section elementor-top-section elementor-element elementor-element-23a1d12 elementor-section-boxed elementor-section-height-default elementor-section-height-default\" data-id=\"23a1d12\" data-element_type=\"section\" data-e-type=\"section\">\n\t\t\t\t\t\t<div class=\"elementor-container elementor-column-gap-default\">\n\t\t\t\t\t<div class=\"elementor-column elementor-col-100 elementor-top-column elementor-element elementor-element-039154e\" data-id=\"039154e\" data-element_type=\"column\" data-e-type=\"column\">\n\t\t\t<div class=\"elementor-widget-wrap elementor-element-populated\">\n\t\t\t\t\t\t<div class=\"elementor-element elementor-element-8e18cad elementor-widget elementor-widget-spacer\" data-id=\"8e18cad\" data-element_type=\"widget\" data-e-type=\"widget\" data-widget_type=\"spacer.default\">\n\t\t\t\t<div class=\"elementor-widget-container\">\n\t\t\t\t\t\t\t<div class=\"elementor-spacer\">\n\t\t\t<div class=\"elementor-spacer-inner\"><\/div>\n\t\t<\/div>\n\t\t\t\t\t\t<\/div>\n\t\t\t\t<\/div>\n\t\t\t\t<div class=\"elementor-element elementor-element-1fc146c elementor-widget elementor-widget-heading\" data-id=\"1fc146c\" data-element_type=\"widget\" data-e-type=\"widget\" data-widget_type=\"heading.default\">\n\t\t\t\t<div class=\"elementor-widget-container\">\n\t\t\t\t\t<h2 class=\"elementor-heading-title elementor-size-default\">Leather Labels\n<\/h2>\t\t\t\t<\/div>\n\t\t\t\t<\/div>\n\t\t\t\t\t<\/div>\n\t\t<\/div>\n\t\t\t\t\t<\/div>\n\t\t<\/section>\n\t\t\t\t<section class=\"elementor-section elementor-top-section elementor-element elementor-element-651357c elementor-section-boxed elementor-section-height-default elementor-section-height-default\" data-id=\"651357c\" data-element_type=\"section\" data-e-type=\"section\">\n\t\t\t\t\t\t<div class=\"elementor-container elementor-column-gap-default\">\n\t\t\t\t\t<div class=\"elementor-column elementor-col-100 elementor-top-column elementor-element elementor-element-ac46a6a\" data-id=\"ac46a6a\" data-element_type=\"column\" data-e-type=\"column\">\n\t\t\t<div class=\"elementor-widget-wrap elementor-element-populated\">\n\t\t\t\t\t\t<div class=\"elementor-element elementor-element-dde18cc elementor-widget elementor-widget-text-editor\" data-id=\"dde18cc\" data-element_type=\"widget\" data-e-type=\"widget\" data-widget_type=\"text-editor.default\">\n\t\t\t\t<div class=\"elementor-widget-container\">\n\t\t\t\t\t\t\t\t\t<p>Leather labels, especially preferred for denim and outerwear, stand out with their durability and premium look. We also offer environmentally friendly solutions with our vegan glitter leather options.<\/p><p><strong>Features:<\/strong><\/p><ul><li>Real leather or environmentally fake artificial leather<\/li><li>Laser engraving, hot stamping, embossing<\/li><li>Stitched or glued applications<\/li><li>Color, texture and thickness alternatives<\/li><\/ul>\t\t\t\t\t\t\t\t<\/div>\n\t\t\t\t<\/div>\n\t\t\t\t<div class=\"elementor-element elementor-element-253eff9 elementor-widget-divider--view-line elementor-widget elementor-widget-divider\" data-id=\"253eff9\" data-element_type=\"widget\" data-e-type=\"widget\" data-widget_type=\"divider.default\">\n\t\t\t\t<div class=\"elementor-widget-container\">\n\t\t\t\t\t\t\t<div class=\"elementor-divider\">\n\t\t\t<span class=\"elementor-divider-separator\">\n\t\t\t\t\t\t<\/span>\n\t\t<\/div>\n\t\t\t\t\t\t<\/div>\n\t\t\t\t<\/div>\n\t\t\t\t<div class=\"elementor-element elementor-element-79e9207 elementor-widget elementor-widget-spacer\" data-id=\"79e9207\" data-element_type=\"widget\" data-e-type=\"widget\" data-widget_type=\"spacer.default\">\n\t\t\t\t<div class=\"elementor-widget-container\">\n\t\t\t\t\t\t\t<div class=\"elementor-spacer\">\n\t\t\t<div class=\"elementor-spacer-inner\"><\/div>\n\t\t<\/div>\n\t\t\t\t\t\t<\/div>\n\t\t\t\t<\/div>\n\t\t\t\t\t<\/div>\n\t\t<\/div>\n\t\t\t\t\t<\/div>\n\t\t<\/section>\n\t\t\t\t<section class=\"elementor-section elementor-top-section elementor-element elementor-element-97525fa elementor-section-boxed elementor-section-height-default elementor-section-height-default\" data-id=\"97525fa\" data-element_type=\"section\" data-e-type=\"section\">\n\t\t\t\t\t\t<div class=\"elementor-container elementor-column-gap-default\">\n\t\t\t\t\t<div class=\"elementor-column elementor-col-100 elementor-top-column elementor-element elementor-element-60cb694\" data-id=\"60cb694\" data-element_type=\"column\" data-e-type=\"column\">\n\t\t\t<div class=\"elementor-widget-wrap elementor-element-populated\">\n\t\t\t\t\t\t<div class=\"elementor-element elementor-element-bb498fd eael-fg-hoverer-content-align-left elementor-widget elementor-widget-eael-filterable-gallery\" data-id=\"bb498fd\" data-element_type=\"widget\" data-e-type=\"widget\" data-settings=\"{&quot;photo_gallery&quot;:&quot;yes&quot;,&quot;pagination&quot;:&quot;false&quot;}\" data-widget_type=\"eael-filterable-gallery.default\">\n\t\t\t\t<div class=\"elementor-widget-container\">\n\t\t\t\t\t<style id=\"eael-fg-inline-css-bb498fd\">@media only screen and (max-width: 2399px) {\n\t\t\t\t\t.elementor-element.elementor-element-bb498fd .eael-filterable-gallery-item-wrap {\n\t\t\t\t\t        width: 33.333333333333%;\n\t\t\t\t\t    }\n\t\t\t\t\t}@media only screen and (max-width: 1024px) {\n\t\t\t\t\t.elementor-element.elementor-element-bb498fd  .eael-filterable-gallery-item-wrap {\n\t\t\t\t\t        width: 50%;\n\t\t\t\t\t    }\n\t\t\t\t\t}@media only screen and (max-width: 767px) {\n\t\t\t\t\t.elementor-element.elementor-element-bb498fd  .eael-filterable-gallery-item-wrap {\n\t\t\t\t\t        width: 100%;\n\t\t\t\t\t    }\n\t\t\t\t\t}<\/style>        <div id=\"eael-filter-gallery-wrapper-bb498fd\" class=\"eael-filter-gallery-wrapper\" data-layout-mode=\"hoverer\" data-breakpoints=\"{&quot;mobile&quot;:{&quot;label&quot;:&quot;Mobile Portrait&quot;,&quot;value&quot;:767,&quot;default_value&quot;:767,&quot;direction&quot;:&quot;max&quot;,&quot;is_enabled&quot;:true},&quot;mobile_extra&quot;:{&quot;label&quot;:&quot;Mobile Landscape&quot;,&quot;value&quot;:880,&quot;default_value&quot;:880,&quot;direction&quot;:&quot;max&quot;,&quot;is_enabled&quot;:false},&quot;tablet&quot;:{&quot;label&quot;:&quot;Tablet Portrait&quot;,&quot;value&quot;:1024,&quot;default_value&quot;:1024,&quot;direction&quot;:&quot;max&quot;,&quot;is_enabled&quot;:true},&quot;tablet_extra&quot;:{&quot;label&quot;:&quot;Tablet Landscape&quot;,&quot;value&quot;:1200,&quot;default_value&quot;:1200,&quot;direction&quot;:&quot;max&quot;,&quot;is_enabled&quot;:false},&quot;laptop&quot;:{&quot;label&quot;:&quot;Laptop&quot;,&quot;value&quot;:1366,&quot;default_value&quot;:1366,&quot;direction&quot;:&quot;max&quot;,&quot;is_enabled&quot;:false},&quot;widescreen&quot;:{&quot;label&quot;:&quot;Widescreen&quot;,&quot;value&quot;:2400,&quot;default_value&quot;:2400,&quot;direction&quot;:&quot;min&quot;,&quot;is_enabled&quot;:false}}\" data-default_control_key=\"0\" data-custom_default_control=\"1\">\n                    <div class=\"eael-filter-gallery-container eael-filter-gallery-grid\" data-images-per-page=\"\" data-total-gallery-items=\"4\" data-nomore-item-text=\"\" data-is-randomize=\"no\" data-settings=\"{&quot;grid_style&quot;:&quot;grid&quot;,&quot;popup&quot;:&quot;buttons&quot;,&quot;duration&quot;:500,&quot;gallery_enabled&quot;:&quot;yes&quot;,&quot;video_gallery_yt_privacy&quot;:&quot;&quot;,&quot;control_all_text&quot;:null,&quot;post_id&quot;:15383,&quot;widget_id&quot;:&quot;bb498fd&quot;}\" data-search-all=\"\" data-gallery-items=\"WyI8ZGl2IGNsYXNzPVwiZWFlbC1maWx0ZXJhYmxlLWdhbGxlcnktaXRlbS13cmFwXCI+XG5cdFx0XHRcdDxkaXYgY2xhc3M9XCJlYWVsLWdhbGxlcnktZ3JpZC1pdGVtXCI+PGRpdiBjbGFzcz1cImdhbGxlcnktaXRlbS10aHVtYm5haWwtd3JhcFwiPjxpbWcgd2lkdGg9XCIzMDBcIiBoZWlnaHQ9XCIxNTNcIiBzcmM9XCJodHRwczpcL1wvbWFyc2V0aWtldG1hdGJhYS5jb20udHJcL3dwLWNvbnRlbnRcL3VwbG9hZHNcLzIwMjVcLzA5XC9jMlZ5ZG1salpUMXBiV0ZuWlhNbWMzSmpQV2gwZEhCekpUTkJKVEpHSlRKR1luSnBZMnRpZFdKaWJHVXVZMkVsTWtaM2NDVXktMzAweDE1My5qcGdcIiBjbGFzcz1cImF0dGFjaG1lbnQtbWVkaXVtIHNpemUtbWVkaXVtIHdwLWltYWdlLTE1OTE0XCIgYWx0PVwiXCIgc3Jjc2V0PVwiaHR0cHM6XC9cL21hcnNldGlrZXRtYXRiYWEuY29tLnRyXC93cC1jb250ZW50XC91cGxvYWRzXC8yMDI1XC8wOVwvYzJWeWRtbGpaVDFwYldGblpYTW1jM0pqUFdoMGRIQnpKVE5CSlRKR0pUSkdZbkpwWTJ0aWRXSmliR1V1WTJFbE1rWjNjQ1V5LTMwMHgxNTMuanBnIDMwMHcsIGh0dHBzOlwvXC9tYXJzZXRpa2V0bWF0YmFhLmNvbS50clwvd3AtY29udGVudFwvdXBsb2Fkc1wvMjAyNVwvMDlcL2MyVnlkbWxqWlQxcGJXRm5aWE1tYzNKalBXaDBkSEJ6SlROQkpUSkdKVEpHWW5KcFkydGlkV0ppYkdVdVkyRWxNa1ozY0NVeS03Njh4MzkyLmpwZyA3Njh3LCBodHRwczpcL1wvbWFyc2V0aWtldG1hdGJhYS5jb20udHJcL3dwLWNvbnRlbnRcL3VwbG9hZHNcLzIwMjVcLzA5XC9jMlZ5ZG1salpUMXBiV0ZuWlhNbWMzSmpQV2gwZEhCekpUTkJKVEpHSlRKR1luSnBZMnRpZFdKaWJHVXVZMkVsTWtaM2NDVXktMTh4OS5qcGcgMTh3LCBodHRwczpcL1wvbWFyc2V0aWtldG1hdGJhYS5jb20udHJcL3dwLWNvbnRlbnRcL3VwbG9hZHNcLzIwMjVcLzA5XC9jMlZ5ZG1salpUMXBiV0ZuWlhNbWMzSmpQV2gwZEhCekpUTkJKVEpHSlRKR1luSnBZMnRpZFdKaWJHVXVZMkVsTWtaM2NDVXkuanBnIDEwMDB3XCIgc2l6ZXM9XCIobWF4LXdpZHRoOiAzMDBweCkgMTAwdncsIDMwMHB4XCIgXC8+PFwvZGl2PjxkaXYgY2xhc3M9XCJnYWxsZXJ5LWl0ZW0tY2FwdGlvbi13cmFwIGNhcHRpb24tc3R5bGUtaG92ZXJlciBlYWVsLXNsaWRlLXVwXCI+PGRpdiBjbGFzcz1cImdhbGxlcnktaXRlbS1ob3ZlcmVyLWJnXCI+PFwvZGl2PjxkaXYgY2xhc3M9XCJnYWxsZXJ5LWl0ZW0tY2FwdGlvbi1vdmVyXCI+PGRpdiBjbGFzcz1cImdhbGxlcnktaXRlbS1idXR0b25zXCI+PGEgYXJlYS1oaWRkZW49XCJ0cnVlXCIgYXJpYS1sYWJlbD1cImVhZWwtbWFnbmlmaWMtbGlua1wiIGhyZWY9XCJodHRwczpcL1wvbWFyc2V0aWtldG1hdGJhYS5jb20udHJcL3dwLWNvbnRlbnRcL3VwbG9hZHNcLzIwMjVcLzA5XC9jMlZ5ZG1salpUMXBiV0ZuWlhNbWMzSmpQV2gwZEhCekpUTkJKVEpHSlRKR1luSnBZMnRpZFdKaWJHVXVZMkVsTWtaM2NDVXkuanBnXCIgY2xhc3M9XCJlYWVsLW1hZ25pZmljLWxpbmsgZWFlbC1tYWduaWZpYy1saW5rLWNsb25lIGFjdGl2ZVwiIGRhdGEtZWxlbWVudG9yLW9wZW4tbGlnaHRib3g9XCJ5ZXNcIiB0aXRsZT1cIlwiPjxzcGFuIGNsYXNzPVwiZmctaXRlbS1pY29uLWlubmVyXCI+PGkgY2xhc3M9XCJmYXMgZmEtc2VhcmNoLXBsdXNcIiBhcmlhLWhpZGRlbj1cInRydWVcIj48XC9pPjxcL3NwYW4+XG4gICAgICAgICAgICA8XC9hPjxcL2Rpdj48XC9kaXY+PFwvZGl2PjxcL2Rpdj48XC9kaXY+IiwiPGRpdiBjbGFzcz1cImVhZWwtZmlsdGVyYWJsZS1nYWxsZXJ5LWl0ZW0td3JhcFwiPlxuXHRcdFx0XHQ8ZGl2IGNsYXNzPVwiZWFlbC1nYWxsZXJ5LWdyaWQtaXRlbVwiPjxkaXYgY2xhc3M9XCJnYWxsZXJ5LWl0ZW0tdGh1bWJuYWlsLXdyYXBcIj48aW1nIHdpZHRoPVwiMzAwXCIgaGVpZ2h0PVwiMjAwXCIgc3JjPVwiaHR0cHM6XC9cL21hcnNldGlrZXRtYXRiYWEuY29tLnRyXC93cC1jb250ZW50XC91cGxvYWRzXC8yMDI1XC8wOVwva25pdC0zMDB4MjAwLmpwZ1wiIGNsYXNzPVwiYXR0YWNobWVudC1tZWRpdW0gc2l6ZS1tZWRpdW0gd3AtaW1hZ2UtMTU5MTZcIiBhbHQ9XCJcIiBzcmNzZXQ9XCJodHRwczpcL1wvbWFyc2V0aWtldG1hdGJhYS5jb20udHJcL3dwLWNvbnRlbnRcL3VwbG9hZHNcLzIwMjVcLzA5XC9rbml0LTMwMHgyMDAuanBnIDMwMHcsIGh0dHBzOlwvXC9tYXJzZXRpa2V0bWF0YmFhLmNvbS50clwvd3AtY29udGVudFwvdXBsb2Fkc1wvMjAyNVwvMDlcL2tuaXQtMTAyNHg2ODMuanBnIDEwMjR3LCBodHRwczpcL1wvbWFyc2V0aWtldG1hdGJhYS5jb20udHJcL3dwLWNvbnRlbnRcL3VwbG9hZHNcLzIwMjVcLzA5XC9rbml0LTc2OHg1MTIuanBnIDc2OHcsIGh0dHBzOlwvXC9tYXJzZXRpa2V0bWF0YmFhLmNvbS50clwvd3AtY29udGVudFwvdXBsb2Fkc1wvMjAyNVwvMDlcL2tuaXQtMTUzNngxMDI0LmpwZyAxNTM2dywgaHR0cHM6XC9cL21hcnNldGlrZXRtYXRiYWEuY29tLnRyXC93cC1jb250ZW50XC91cGxvYWRzXC8yMDI1XC8wOVwva25pdC0yMDQ4eDEzNjYuanBnIDIwNDh3LCBodHRwczpcL1wvbWFyc2V0aWtldG1hdGJhYS5jb20udHJcL3dwLWNvbnRlbnRcL3VwbG9hZHNcLzIwMjVcLzA5XC9rbml0LTE4eDEyLmpwZyAxOHdcIiBzaXplcz1cIihtYXgtd2lkdGg6IDMwMHB4KSAxMDB2dywgMzAwcHhcIiBcLz48XC9kaXY+PGRpdiBjbGFzcz1cImdhbGxlcnktaXRlbS1jYXB0aW9uLXdyYXAgY2FwdGlvbi1zdHlsZS1ob3ZlcmVyIGVhZWwtc2xpZGUtdXBcIj48ZGl2IGNsYXNzPVwiZ2FsbGVyeS1pdGVtLWhvdmVyZXItYmdcIj48XC9kaXY+PGRpdiBjbGFzcz1cImdhbGxlcnktaXRlbS1jYXB0aW9uLW92ZXJcIj48ZGl2IGNsYXNzPVwiZ2FsbGVyeS1pdGVtLWJ1dHRvbnNcIj48YSBhcmVhLWhpZGRlbj1cInRydWVcIiBhcmlhLWxhYmVsPVwiZWFlbC1tYWduaWZpYy1saW5rXCIgaHJlZj1cImh0dHBzOlwvXC9tYXJzZXRpa2V0bWF0YmFhLmNvbS50clwvd3AtY29udGVudFwvdXBsb2Fkc1wvMjAyNVwvMDlcL2tuaXQuanBnXCIgY2xhc3M9XCJlYWVsLW1hZ25pZmljLWxpbmsgZWFlbC1tYWduaWZpYy1saW5rLWNsb25lIGFjdGl2ZVwiIGRhdGEtZWxlbWVudG9yLW9wZW4tbGlnaHRib3g9XCJ5ZXNcIiB0aXRsZT1cIlwiPjxzcGFuIGNsYXNzPVwiZmctaXRlbS1pY29uLWlubmVyXCI+PGkgY2xhc3M9XCJmYXMgZmEtc2VhcmNoLXBsdXNcIiBhcmlhLWhpZGRlbj1cInRydWVcIj48XC9pPjxcL3NwYW4+XG4gICAgICAgICAgICA8XC9hPjxcL2Rpdj48XC9kaXY+PFwvZGl2PjxcL2Rpdj48XC9kaXY+IiwiPGRpdiBjbGFzcz1cImVhZWwtZmlsdGVyYWJsZS1nYWxsZXJ5LWl0ZW0td3JhcFwiPlxuXHRcdFx0XHQ8ZGl2IGNsYXNzPVwiZWFlbC1nYWxsZXJ5LWdyaWQtaXRlbVwiPjxkaXYgY2xhc3M9XCJnYWxsZXJ5LWl0ZW0tdGh1bWJuYWlsLXdyYXBcIj48aW1nIHdpZHRoPVwiMzAwXCIgaGVpZ2h0PVwiMzAwXCIgc3JjPVwiaHR0cHM6XC9cL21hcnNldGlrZXRtYXRiYWEuY29tLnRyXC93cC1jb250ZW50XC91cGxvYWRzXC8yMDI1XC8wOVwveXl5LTMwMHgzMDAuanBlZ1wiIGNsYXNzPVwiYXR0YWNobWVudC1tZWRpdW0gc2l6ZS1tZWRpdW0gd3AtaW1hZ2UtMTU5MThcIiBhbHQ9XCJcIiBzcmNzZXQ9XCJodHRwczpcL1wvbWFyc2V0aWtldG1hdGJhYS5jb20udHJcL3dwLWNvbnRlbnRcL3VwbG9hZHNcLzIwMjVcLzA5XC95eXktMzAweDMwMC5qcGVnIDMwMHcsIGh0dHBzOlwvXC9tYXJzZXRpa2V0bWF0YmFhLmNvbS50clwvd3AtY29udGVudFwvdXBsb2Fkc1wvMjAyNVwvMDlcL3l5eS0xMDI0eDEwMjQuanBlZyAxMDI0dywgaHR0cHM6XC9cL21hcnNldGlrZXRtYXRiYWEuY29tLnRyXC93cC1jb250ZW50XC91cGxvYWRzXC8yMDI1XC8wOVwveXl5LTE1MHgxNTAuanBlZyAxNTB3LCBodHRwczpcL1wvbWFyc2V0aWtldG1hdGJhYS5jb20udHJcL3dwLWNvbnRlbnRcL3VwbG9hZHNcLzIwMjVcLzA5XC95eXktNzY4eDc2OC5qcGVnIDc2OHcsIGh0dHBzOlwvXC9tYXJzZXRpa2V0bWF0YmFhLmNvbS50clwvd3AtY29udGVudFwvdXBsb2Fkc1wvMjAyNVwvMDlcL3l5eS0xMngxMi5qcGVnIDEydywgaHR0cHM6XC9cL21hcnNldGlrZXRtYXRiYWEuY29tLnRyXC93cC1jb250ZW50XC91cGxvYWRzXC8yMDI1XC8wOVwveXl5LmpwZWcgMTIwNndcIiBzaXplcz1cIihtYXgtd2lkdGg6IDMwMHB4KSAxMDB2dywgMzAwcHhcIiBcLz48XC9kaXY+PGRpdiBjbGFzcz1cImdhbGxlcnktaXRlbS1jYXB0aW9uLXdyYXAgY2FwdGlvbi1zdHlsZS1ob3ZlcmVyIGVhZWwtc2xpZGUtdXBcIj48ZGl2IGNsYXNzPVwiZ2FsbGVyeS1pdGVtLWhvdmVyZXItYmdcIj48XC9kaXY+PGRpdiBjbGFzcz1cImdhbGxlcnktaXRlbS1jYXB0aW9uLW92ZXJcIj48ZGl2IGNsYXNzPVwiZ2FsbGVyeS1pdGVtLWJ1dHRvbnNcIj48YSBhcmVhLWhpZGRlbj1cInRydWVcIiBhcmlhLWxhYmVsPVwiZWFlbC1tYWduaWZpYy1saW5rXCIgaHJlZj1cImh0dHBzOlwvXC9tYXJzZXRpa2V0bWF0YmFhLmNvbS50clwvd3AtY29udGVudFwvdXBsb2Fkc1wvMjAyNVwvMDlcL3l5eS5qcGVnXCIgY2xhc3M9XCJlYWVsLW1hZ25pZmljLWxpbmsgZWFlbC1tYWduaWZpYy1saW5rLWNsb25lIGFjdGl2ZVwiIGRhdGEtZWxlbWVudG9yLW9wZW4tbGlnaHRib3g9XCJ5ZXNcIiB0aXRsZT1cIlwiPjxzcGFuIGNsYXNzPVwiZmctaXRlbS1pY29uLWlubmVyXCI+PGkgY2xhc3M9XCJmYXMgZmEtc2VhcmNoLXBsdXNcIiBhcmlhLWhpZGRlbj1cInRydWVcIj48XC9pPjxcL3NwYW4+XG4gICAgICAgICAgICA8XC9hPjxcL2Rpdj48XC9kaXY+PFwvZGl2PjxcL2Rpdj48XC9kaXY+IiwiPGRpdiBjbGFzcz1cImVhZWwtZmlsdGVyYWJsZS1nYWxsZXJ5LWl0ZW0td3JhcFwiPlxuXHRcdFx0XHQ8ZGl2IGNsYXNzPVwiZWFlbC1nYWxsZXJ5LWdyaWQtaXRlbVwiPjxkaXYgY2xhc3M9XCJnYWxsZXJ5LWl0ZW0tdGh1bWJuYWlsLXdyYXBcIj48aW1nIHdpZHRoPVwiMzAwXCIgaGVpZ2h0PVwiMjk0XCIgc3JjPVwiaHR0cHM6XC9cL21hcnNldGlrZXRtYXRiYWEuY29tLnRyXC93cC1jb250ZW50XC91cGxvYWRzXC8yMDI1XC8wOVwvdXV1LTMwMHgyOTQuanBlZ1wiIGNsYXNzPVwiYXR0YWNobWVudC1tZWRpdW0gc2l6ZS1tZWRpdW0gd3AtaW1hZ2UtMTU5MTdcIiBhbHQ9XCJcIiBzcmNzZXQ9XCJodHRwczpcL1wvbWFyc2V0aWtldG1hdGJhYS5jb20udHJcL3dwLWNvbnRlbnRcL3VwbG9hZHNcLzIwMjVcLzA5XC91dXUtMzAweDI5NC5qcGVnIDMwMHcsIGh0dHBzOlwvXC9tYXJzZXRpa2V0bWF0YmFhLmNvbS50clwvd3AtY29udGVudFwvdXBsb2Fkc1wvMjAyNVwvMDlcL3V1dS03Njh4NzUzLmpwZWcgNzY4dywgaHR0cHM6XC9cL21hcnNldGlrZXRtYXRiYWEuY29tLnRyXC93cC1jb250ZW50XC91cGxvYWRzXC8yMDI1XC8wOVwvdXV1LTEyeDEyLmpwZWcgMTJ3LCBodHRwczpcL1wvbWFyc2V0aWtldG1hdGJhYS5jb20udHJcL3dwLWNvbnRlbnRcL3VwbG9hZHNcLzIwMjVcLzA5XC91dXUuanBlZyAxMDAwd1wiIHNpemVzPVwiKG1heC13aWR0aDogMzAwcHgpIDEwMHZ3LCAzMDBweFwiIFwvPjxcL2Rpdj48ZGl2IGNsYXNzPVwiZ2FsbGVyeS1pdGVtLWNhcHRpb24td3JhcCBjYXB0aW9uLXN0eWxlLWhvdmVyZXIgZWFlbC1zbGlkZS11cFwiPjxkaXYgY2xhc3M9XCJnYWxsZXJ5LWl0ZW0taG92ZXJlci1iZ1wiPjxcL2Rpdj48ZGl2IGNsYXNzPVwiZ2FsbGVyeS1pdGVtLWNhcHRpb24tb3ZlclwiPjxkaXYgY2xhc3M9XCJnYWxsZXJ5LWl0ZW0tYnV0dG9uc1wiPjxhIGFyZWEtaGlkZGVuPVwidHJ1ZVwiIGFyaWEtbGFiZWw9XCJlYWVsLW1hZ25pZmljLWxpbmtcIiBocmVmPVwiaHR0cHM6XC9cL21hcnNldGlrZXRtYXRiYWEuY29tLnRyXC93cC1jb250ZW50XC91cGxvYWRzXC8yMDI1XC8wOVwvdXV1LmpwZWdcIiBjbGFzcz1cImVhZWwtbWFnbmlmaWMtbGluayBlYWVsLW1hZ25pZmljLWxpbmstY2xvbmUgYWN0aXZlXCIgZGF0YS1lbGVtZW50b3Itb3Blbi1saWdodGJveD1cInllc1wiIHRpdGxlPVwiXCI+PHNwYW4gY2xhc3M9XCJmZy1pdGVtLWljb24taW5uZXJcIj48aSBjbGFzcz1cImZhcyBmYS1zZWFyY2gtcGx1c1wiIGFyaWEtaGlkZGVuPVwidHJ1ZVwiPjxcL2k+PFwvc3Bhbj5cbiAgICAgICAgICAgIDxcL2E+PFwvZGl2PjxcL2Rpdj48XC9kaXY+PFwvZGl2PjxcL2Rpdj4iXQ==\" data-init-show=\"4\">\n            <div class=\"eael-filterable-gallery-item-wrap\">\n\t\t\t\t<div class=\"eael-gallery-grid-item\"><div class=\"gallery-item-thumbnail-wrap\"><img decoding=\"async\" width=\"300\" height=\"153\" src=\"https:\/\/marsetiketmatbaa.com.tr\/wp-content\/uploads\/2025\/09\/c2VydmljZT1pbWFnZXMmc3JjPWh0dHBzJTNBJTJGJTJGYnJpY2tidWJibGUuY2ElMkZ3cCUy-300x153.jpg\" class=\"attachment-medium size-medium wp-image-15914\" alt=\"\" srcset=\"https:\/\/marsetiketmatbaa.com.tr\/wp-content\/uploads\/2025\/09\/c2VydmljZT1pbWFnZXMmc3JjPWh0dHBzJTNBJTJGJTJGYnJpY2tidWJibGUuY2ElMkZ3cCUy-300x153.jpg 300w, https:\/\/marsetiketmatbaa.com.tr\/wp-content\/uploads\/2025\/09\/c2VydmljZT1pbWFnZXMmc3JjPWh0dHBzJTNBJTJGJTJGYnJpY2tidWJibGUuY2ElMkZ3cCUy-768x392.jpg 768w, https:\/\/marsetiketmatbaa.com.tr\/wp-content\/uploads\/2025\/09\/c2VydmljZT1pbWFnZXMmc3JjPWh0dHBzJTNBJTJGJTJGYnJpY2tidWJibGUuY2ElMkZ3cCUy-18x9.jpg 18w, https:\/\/marsetiketmatbaa.com.tr\/wp-content\/uploads\/2025\/09\/c2VydmljZT1pbWFnZXMmc3JjPWh0dHBzJTNBJTJGJTJGYnJpY2tidWJibGUuY2ElMkZ3cCUy.jpg 1000w\" sizes=\"(max-width: 300px) 100vw, 300px\" \/><\/div><div class=\"gallery-item-caption-wrap caption-style-hoverer eael-slide-up\"><div class=\"gallery-item-hoverer-bg\"><\/div><div class=\"gallery-item-caption-over\"><div class=\"gallery-item-buttons\"><a area-hidden=\"true\" aria-label=\"eael-magnific-link\" href=\"https:\/\/marsetiketmatbaa.com.tr\/wp-content\/uploads\/2025\/09\/c2VydmljZT1pbWFnZXMmc3JjPWh0dHBzJTNBJTJGJTJGYnJpY2tidWJibGUuY2ElMkZ3cCUy.jpg\" class=\"eael-magnific-link eael-magnific-link-clone active\" data-elementor-open-lightbox=\"yes\" title=\"\"><span class=\"fg-item-icon-inner\"><i class=\"fas fa-search-plus\" aria-hidden=\"true\"><\/i><\/span>\n            <\/a><\/div><\/div><\/div><\/div><\/div><div class=\"eael-filterable-gallery-item-wrap\">\n\t\t\t\t<div class=\"eael-gallery-grid-item\"><div class=\"gallery-item-thumbnail-wrap\"><img fetchpriority=\"high\" decoding=\"async\" width=\"300\" height=\"200\" src=\"https:\/\/marsetiketmatbaa.com.tr\/wp-content\/uploads\/2025\/09\/knit-300x200.jpg\" class=\"attachment-medium size-medium wp-image-15916\" alt=\"\" srcset=\"https:\/\/marsetiketmatbaa.com.tr\/wp-content\/uploads\/2025\/09\/knit-300x200.jpg 300w, https:\/\/marsetiketmatbaa.com.tr\/wp-content\/uploads\/2025\/09\/knit-1024x683.jpg 1024w, https:\/\/marsetiketmatbaa.com.tr\/wp-content\/uploads\/2025\/09\/knit-768x512.jpg 768w, https:\/\/marsetiketmatbaa.com.tr\/wp-content\/uploads\/2025\/09\/knit-1536x1024.jpg 1536w, https:\/\/marsetiketmatbaa.com.tr\/wp-content\/uploads\/2025\/09\/knit-2048x1366.jpg 2048w, https:\/\/marsetiketmatbaa.com.tr\/wp-content\/uploads\/2025\/09\/knit-18x12.jpg 18w\" sizes=\"(max-width: 300px) 100vw, 300px\" \/><\/div><div class=\"gallery-item-caption-wrap caption-style-hoverer eael-slide-up\"><div class=\"gallery-item-hoverer-bg\"><\/div><div class=\"gallery-item-caption-over\"><div class=\"gallery-item-buttons\"><a area-hidden=\"true\" aria-label=\"eael-magnific-link\" href=\"https:\/\/marsetiketmatbaa.com.tr\/wp-content\/uploads\/2025\/09\/knit.jpg\" class=\"eael-magnific-link eael-magnific-link-clone active\" data-elementor-open-lightbox=\"yes\" title=\"\"><span class=\"fg-item-icon-inner\"><i class=\"fas fa-search-plus\" aria-hidden=\"true\"><\/i><\/span>\n            <\/a><\/div><\/div><\/div><\/div><\/div><div class=\"eael-filterable-gallery-item-wrap\">\n\t\t\t\t<div class=\"eael-gallery-grid-item\"><div class=\"gallery-item-thumbnail-wrap\"><img decoding=\"async\" width=\"300\" height=\"300\" src=\"https:\/\/marsetiketmatbaa.com.tr\/wp-content\/uploads\/2025\/09\/yyy-300x300.jpeg\" class=\"attachment-medium size-medium wp-image-15918\" alt=\"\" srcset=\"https:\/\/marsetiketmatbaa.com.tr\/wp-content\/uploads\/2025\/09\/yyy-300x300.jpeg 300w, https:\/\/marsetiketmatbaa.com.tr\/wp-content\/uploads\/2025\/09\/yyy-1024x1024.jpeg 1024w, https:\/\/marsetiketmatbaa.com.tr\/wp-content\/uploads\/2025\/09\/yyy-150x150.jpeg 150w, https:\/\/marsetiketmatbaa.com.tr\/wp-content\/uploads\/2025\/09\/yyy-768x768.jpeg 768w, https:\/\/marsetiketmatbaa.com.tr\/wp-content\/uploads\/2025\/09\/yyy-12x12.jpeg 12w, https:\/\/marsetiketmatbaa.com.tr\/wp-content\/uploads\/2025\/09\/yyy.jpeg 1206w\" sizes=\"(max-width: 300px) 100vw, 300px\" \/><\/div><div class=\"gallery-item-caption-wrap caption-style-hoverer eael-slide-up\"><div class=\"gallery-item-hoverer-bg\"><\/div><div class=\"gallery-item-caption-over\"><div class=\"gallery-item-buttons\"><a area-hidden=\"true\" aria-label=\"eael-magnific-link\" href=\"https:\/\/marsetiketmatbaa.com.tr\/wp-content\/uploads\/2025\/09\/yyy.jpeg\" class=\"eael-magnific-link eael-magnific-link-clone active\" data-elementor-open-lightbox=\"yes\" title=\"\"><span class=\"fg-item-icon-inner\"><i class=\"fas fa-search-plus\" aria-hidden=\"true\"><\/i><\/span>\n            <\/a><\/div><\/div><\/div><\/div><\/div><div class=\"eael-filterable-gallery-item-wrap\">\n\t\t\t\t<div class=\"eael-gallery-grid-item\"><div class=\"gallery-item-thumbnail-wrap\"><img loading=\"lazy\" decoding=\"async\" width=\"300\" height=\"294\" src=\"https:\/\/marsetiketmatbaa.com.tr\/wp-content\/uploads\/2025\/09\/uuu-300x294.jpeg\" class=\"attachment-medium size-medium wp-image-15917\" alt=\"\" srcset=\"https:\/\/marsetiketmatbaa.com.tr\/wp-content\/uploads\/2025\/09\/uuu-300x294.jpeg 300w, https:\/\/marsetiketmatbaa.com.tr\/wp-content\/uploads\/2025\/09\/uuu-768x753.jpeg 768w, https:\/\/marsetiketmatbaa.com.tr\/wp-content\/uploads\/2025\/09\/uuu-12x12.jpeg 12w, https:\/\/marsetiketmatbaa.com.tr\/wp-content\/uploads\/2025\/09\/uuu.jpeg 1000w\" sizes=\"(max-width: 300px) 100vw, 300px\" \/><\/div><div class=\"gallery-item-caption-wrap caption-style-hoverer eael-slide-up\"><div class=\"gallery-item-hoverer-bg\"><\/div><div class=\"gallery-item-caption-over\"><div class=\"gallery-item-buttons\"><a area-hidden=\"true\" aria-label=\"eael-magnific-link\" href=\"https:\/\/marsetiketmatbaa.com.tr\/wp-content\/uploads\/2025\/09\/uuu.jpeg\" class=\"eael-magnific-link eael-magnific-link-clone active\" data-elementor-open-lightbox=\"yes\" title=\"\"><span class=\"fg-item-icon-inner\"><i class=\"fas fa-search-plus\" aria-hidden=\"true\"><\/i><\/span>\n            <\/a><\/div><\/div><\/div><\/div><\/div>        <\/div>\n                <\/div>\n        \n        \t\t\t\t<\/div>\n\t\t\t\t<\/div>\n\t\t\t\t\t<\/div>\n\t\t<\/div>\n\t\t\t\t\t<\/div>\n\t\t<\/section>\n\t\t\t\t<\/div>","protected":false},"excerpt":{"rendered":"<p>Deri Etiketler \u00d6zellikle denim ve d\u0131\u015f giyim \u00fcr\u00fcnlerinde tercih edilen deri etiketler, sa\u011flaml\u0131\u011f\u0131 ve premium g\u00f6r\u00fcn\u00fcm\u00fcyle fark yarat\u0131r. Vegan simili deri se\u00e7eneklerimizle \u00e7evreci \u00e7\u00f6z\u00fcmler de sunuyoruz. \u00d6zellikler: Ger\u00e7ek deri veya \u00e7evre dostu yapay deri Lazer kaz\u0131ma, s\u0131cak bask\u0131, gofre (kabartma) Diki\u015fli ya da yap\u0131\u015ft\u0131rmal\u0131 uygulamalar Renk, doku ve kal\u0131nl\u0131k alternatifleri<\/p>","protected":false},"author":1,"featured_media":0,"parent":0,"menu_order":0,"comment_status":"closed","ping_status":"closed","template":"","meta":{"footnotes":""},"class_list":["post-15383","page","type-page","status-publish","hentry"],"_links":{"self":[{"href":"https:\/\/marsetiketmatbaa.com.tr\/en\/wp-json\/wp\/v2\/pages\/15383","targetHints":{"allow":["GET"]}}],"collection":[{"href":"https:\/\/marsetiketmatbaa.com.tr\/en\/wp-json\/wp\/v2\/pages"}],"about":[{"href":"https:\/\/marsetiketmatbaa.com.tr\/en\/wp-json\/wp\/v2\/types\/page"}],"author":[{"embeddable":true,"href":"https:\/\/marsetiketmatbaa.com.tr\/en\/wp-json\/wp\/v2\/users\/1"}],"replies":[{"embeddable":true,"href":"https:\/\/marsetiketmatbaa.com.tr\/en\/wp-json\/wp\/v2\/comments?post=15383"}],"version-history":[{"count":26,"href":"https:\/\/marsetiketmatbaa.com.tr\/en\/wp-json\/wp\/v2\/pages\/15383\/revisions"}],"predecessor-version":[{"id":16119,"href":"https:\/\/marsetiketmatbaa.com.tr\/en\/wp-json\/wp\/v2\/pages\/15383\/revisions\/16119"}],"wp:attachment":[{"href":"https:\/\/marsetiketmatbaa.com.tr\/en\/wp-json\/wp\/v2\/media?parent=15383"}],"curies":[{"name":"wp","href":"https:\/\/api.w.org\/{rel}","templated":true}]}}