{"id":15359,"date":"2025-08-07T12:13:16","date_gmt":"2025-08-07T12:13:16","guid":{"rendered":"https:\/\/marsetiketmatbaa.com.tr\/?page_id=15359"},"modified":"2025-09-17T12:02:36","modified_gmt":"2025-09-17T12:02:36","slug":"yikama-talimati-etiketleri","status":"publish","type":"page","link":"https:\/\/marsetiketmatbaa.com.tr\/en\/yikama-talimati-etiketleri\/","title":{"rendered":"Washing Instruction Labels"},"content":{"rendered":"<div data-elementor-type=\"wp-page\" data-elementor-id=\"15359\" class=\"elementor elementor-15359\" data-elementor-post-type=\"page\">\n\t\t\t\t\t\t<section class=\"elementor-section elementor-top-section elementor-element elementor-element-64a2f2f elementor-section-boxed elementor-section-height-default elementor-section-height-default\" data-id=\"64a2f2f\" data-element_type=\"section\" data-e-type=\"section\">\n\t\t\t\t\t\t<div class=\"elementor-container elementor-column-gap-default\">\n\t\t\t\t\t<div class=\"elementor-column elementor-col-100 elementor-top-column elementor-element elementor-element-72b45e1\" data-id=\"72b45e1\" data-element_type=\"column\" data-e-type=\"column\">\n\t\t\t<div class=\"elementor-widget-wrap elementor-element-populated\">\n\t\t\t\t\t\t<div class=\"elementor-element elementor-element-bd86e05 elementor-widget elementor-widget-spacer\" data-id=\"bd86e05\" data-element_type=\"widget\" data-e-type=\"widget\" data-widget_type=\"spacer.default\">\n\t\t\t\t<div class=\"elementor-widget-container\">\n\t\t\t\t\t\t\t<div class=\"elementor-spacer\">\n\t\t\t<div class=\"elementor-spacer-inner\"><\/div>\n\t\t<\/div>\n\t\t\t\t\t\t<\/div>\n\t\t\t\t<\/div>\n\t\t\t\t\t<\/div>\n\t\t<\/div>\n\t\t\t\t\t<\/div>\n\t\t<\/section>\n\t\t\t\t<section class=\"elementor-section elementor-top-section elementor-element elementor-element-f686ad8 elementor-section-boxed elementor-section-height-default elementor-section-height-default\" data-id=\"f686ad8\" data-element_type=\"section\" data-e-type=\"section\">\n\t\t\t\t\t\t<div class=\"elementor-container elementor-column-gap-default\">\n\t\t\t\t\t<div class=\"elementor-column elementor-col-100 elementor-top-column elementor-element elementor-element-8312d3f\" data-id=\"8312d3f\" data-element_type=\"column\" data-e-type=\"column\">\n\t\t\t<div class=\"elementor-widget-wrap elementor-element-populated\">\n\t\t\t\t\t\t<div class=\"elementor-element elementor-element-df48eb7 elementor-widget elementor-widget-heading\" data-id=\"df48eb7\" data-element_type=\"widget\" data-e-type=\"widget\" data-widget_type=\"heading.default\">\n\t\t\t\t<div class=\"elementor-widget-container\">\n\t\t\t\t\t<h2 class=\"elementor-heading-title elementor-size-default\">Washing Instruction Labels <\/h2>\t\t\t\t<\/div>\n\t\t\t\t<\/div>\n\t\t\t\t\t<\/div>\n\t\t<\/div>\n\t\t\t\t\t<\/div>\n\t\t<\/section>\n\t\t\t\t<section class=\"elementor-section elementor-top-section elementor-element elementor-element-ff05e1f elementor-section-boxed elementor-section-height-default elementor-section-height-default\" data-id=\"ff05e1f\" data-element_type=\"section\" data-e-type=\"section\">\n\t\t\t\t\t\t<div class=\"elementor-container elementor-column-gap-default\">\n\t\t\t\t\t<div class=\"elementor-column elementor-col-100 elementor-top-column elementor-element elementor-element-bb710b3\" data-id=\"bb710b3\" data-element_type=\"column\" data-e-type=\"column\">\n\t\t\t<div class=\"elementor-widget-wrap elementor-element-populated\">\n\t\t\t\t\t\t<div class=\"elementor-element elementor-element-7e1b51e elementor-widget elementor-widget-text-editor\" data-id=\"7e1b51e\" data-element_type=\"widget\" data-e-type=\"widget\" data-widget_type=\"text-editor.default\">\n\t\t\t\t<div class=\"elementor-widget-container\">\n\t\t\t\t\t\t\t\t\t<p>Washing instruction labels, which guide users to ensure the long usage time of your product, are available in printed, thermal, or laser-cut versions. With production in accordance with standards, we guarantee a clear and permanent print.<\/p>\t\t\t\t\t\t\t\t<\/div>\n\t\t\t\t<\/div>\n\t\t\t\t\t<\/div>\n\t\t<\/div>\n\t\t\t\t\t<\/div>\n\t\t<\/section>\n\t\t\t\t<section class=\"elementor-section elementor-top-section elementor-element elementor-element-2a4f022 elementor-section-boxed elementor-section-height-default elementor-section-height-default\" data-id=\"2a4f022\" data-element_type=\"section\" data-e-type=\"section\">\n\t\t\t\t\t\t<div class=\"elementor-container elementor-column-gap-default\">\n\t\t\t\t\t<div class=\"elementor-column elementor-col-100 elementor-top-column elementor-element elementor-element-5d25426\" data-id=\"5d25426\" data-element_type=\"column\" data-e-type=\"column\">\n\t\t\t<div class=\"elementor-widget-wrap elementor-element-populated\">\n\t\t\t\t\t\t<div class=\"elementor-element elementor-element-f34054a elementor-widget elementor-widget-text-editor\" data-id=\"f34054a\" data-element_type=\"widget\" data-e-type=\"widget\" data-widget_type=\"text-editor.default\">\n\t\t\t\t<div class=\"elementor-widget-container\">\n\t\t\t\t\t\t\t\t\t<p><strong>Features:<\/strong><\/p><ul><li>Different material options such as nylon, satin, polyester, tyvek<\/li><li>Symbols in accordance with ISO and European standards<\/li><li>Barcode, QR code and serial number can be added<\/li><li>Print that does not fade, does not run, and does not come off when washed<\/li><\/ul>\t\t\t\t\t\t\t\t<\/div>\n\t\t\t\t<\/div>\n\t\t\t\t\t<\/div>\n\t\t<\/div>\n\t\t\t\t\t<\/div>\n\t\t<\/section>\n\t\t\t\t<section class=\"elementor-section elementor-top-section elementor-element elementor-element-7913369 elementor-section-boxed elementor-section-height-default elementor-section-height-default\" data-id=\"7913369\" data-element_type=\"section\" data-e-type=\"section\">\n\t\t\t\t\t\t<div class=\"elementor-container elementor-column-gap-default\">\n\t\t\t\t\t<div class=\"elementor-column elementor-col-100 elementor-top-column elementor-element elementor-element-e72c16e\" data-id=\"e72c16e\" data-element_type=\"column\" data-e-type=\"column\">\n\t\t\t<div class=\"elementor-widget-wrap elementor-element-populated\">\n\t\t\t\t\t\t<div class=\"elementor-element elementor-element-32cd110 elementor-widget-divider--view-line elementor-widget elementor-widget-divider\" data-id=\"32cd110\" data-element_type=\"widget\" data-e-type=\"widget\" data-widget_type=\"divider.default\">\n\t\t\t\t<div class=\"elementor-widget-container\">\n\t\t\t\t\t\t\t<div class=\"elementor-divider\">\n\t\t\t<span class=\"elementor-divider-separator\">\n\t\t\t\t\t\t<\/span>\n\t\t<\/div>\n\t\t\t\t\t\t<\/div>\n\t\t\t\t<\/div>\n\t\t\t\t\t<\/div>\n\t\t<\/div>\n\t\t\t\t\t<\/div>\n\t\t<\/section>\n\t\t\t\t<section class=\"elementor-section elementor-top-section elementor-element elementor-element-c8335d1 elementor-section-boxed elementor-section-height-default elementor-section-height-default\" data-id=\"c8335d1\" data-element_type=\"section\" data-e-type=\"section\">\n\t\t\t\t\t\t<div class=\"elementor-container elementor-column-gap-default\">\n\t\t\t\t\t<div class=\"elementor-column elementor-col-100 elementor-top-column elementor-element elementor-element-df79fcc\" data-id=\"df79fcc\" data-element_type=\"column\" data-e-type=\"column\">\n\t\t\t<div class=\"elementor-widget-wrap elementor-element-populated\">\n\t\t\t\t\t\t<div class=\"elementor-element elementor-element-ba7f3fd elementor-widget elementor-widget-spacer\" data-id=\"ba7f3fd\" data-element_type=\"widget\" data-e-type=\"widget\" data-widget_type=\"spacer.default\">\n\t\t\t\t<div class=\"elementor-widget-container\">\n\t\t\t\t\t\t\t<div class=\"elementor-spacer\">\n\t\t\t<div class=\"elementor-spacer-inner\"><\/div>\n\t\t<\/div>\n\t\t\t\t\t\t<\/div>\n\t\t\t\t<\/div>\n\t\t\t\t\t<\/div>\n\t\t<\/div>\n\t\t\t\t\t<\/div>\n\t\t<\/section>\n\t\t\t\t<section class=\"elementor-section elementor-top-section elementor-element elementor-element-ff965d9 elementor-section-boxed elementor-section-height-default elementor-section-height-default\" data-id=\"ff965d9\" data-element_type=\"section\" data-e-type=\"section\">\n\t\t\t\t\t\t<div class=\"elementor-container elementor-column-gap-default\">\n\t\t\t\t\t<div class=\"elementor-column elementor-col-100 elementor-top-column elementor-element elementor-element-6036ba4\" data-id=\"6036ba4\" data-element_type=\"column\" data-e-type=\"column\">\n\t\t\t<div class=\"elementor-widget-wrap elementor-element-populated\">\n\t\t\t\t\t\t<div class=\"elementor-element elementor-element-9a58d6a eael-fg-hoverer-content-align-left elementor-widget elementor-widget-eael-filterable-gallery\" data-id=\"9a58d6a\" data-element_type=\"widget\" data-e-type=\"widget\" data-settings=\"{&quot;photo_gallery&quot;:&quot;yes&quot;,&quot;pagination&quot;:&quot;false&quot;}\" data-widget_type=\"eael-filterable-gallery.default\">\n\t\t\t\t<div class=\"elementor-widget-container\">\n\t\t\t\t\t<style id=\"eael-fg-inline-css-9a58d6a\">@media only screen and (max-width: 2399px) {\n\t\t\t\t\t.elementor-element.elementor-element-9a58d6a .eael-filterable-gallery-item-wrap {\n\t\t\t\t\t        width: 33.333333333333%;\n\t\t\t\t\t    }\n\t\t\t\t\t}@media only screen and (max-width: 1024px) {\n\t\t\t\t\t.elementor-element.elementor-element-9a58d6a  .eael-filterable-gallery-item-wrap {\n\t\t\t\t\t        width: 50%;\n\t\t\t\t\t    }\n\t\t\t\t\t}@media only screen and (max-width: 767px) {\n\t\t\t\t\t.elementor-element.elementor-element-9a58d6a  .eael-filterable-gallery-item-wrap {\n\t\t\t\t\t        width: 100%;\n\t\t\t\t\t    }\n\t\t\t\t\t}<\/style>        <div id=\"eael-filter-gallery-wrapper-9a58d6a\" class=\"eael-filter-gallery-wrapper\" data-layout-mode=\"hoverer\" data-breakpoints=\"{&quot;mobile&quot;:{&quot;label&quot;:&quot;Mobile Portrait&quot;,&quot;value&quot;:767,&quot;default_value&quot;:767,&quot;direction&quot;:&quot;max&quot;,&quot;is_enabled&quot;:true},&quot;mobile_extra&quot;:{&quot;label&quot;:&quot;Mobile Landscape&quot;,&quot;value&quot;:880,&quot;default_value&quot;:880,&quot;direction&quot;:&quot;max&quot;,&quot;is_enabled&quot;:false},&quot;tablet&quot;:{&quot;label&quot;:&quot;Tablet Portrait&quot;,&quot;value&quot;:1024,&quot;default_value&quot;:1024,&quot;direction&quot;:&quot;max&quot;,&quot;is_enabled&quot;:true},&quot;tablet_extra&quot;:{&quot;label&quot;:&quot;Tablet Landscape&quot;,&quot;value&quot;:1200,&quot;default_value&quot;:1200,&quot;direction&quot;:&quot;max&quot;,&quot;is_enabled&quot;:false},&quot;laptop&quot;:{&quot;label&quot;:&quot;Laptop&quot;,&quot;value&quot;:1366,&quot;default_value&quot;:1366,&quot;direction&quot;:&quot;max&quot;,&quot;is_enabled&quot;:false},&quot;widescreen&quot;:{&quot;label&quot;:&quot;Widescreen&quot;,&quot;value&quot;:2400,&quot;default_value&quot;:2400,&quot;direction&quot;:&quot;min&quot;,&quot;is_enabled&quot;:false}}\" data-default_control_key=\"0\" data-custom_default_control=\"1\">\n                    <div class=\"eael-filter-gallery-container eael-filter-gallery-grid\" data-images-per-page=\"\" data-total-gallery-items=\"3\" data-nomore-item-text=\"\" data-is-randomize=\"no\" data-settings=\"{&quot;grid_style&quot;:&quot;grid&quot;,&quot;popup&quot;:&quot;buttons&quot;,&quot;duration&quot;:500,&quot;gallery_enabled&quot;:&quot;yes&quot;,&quot;video_gallery_yt_privacy&quot;:&quot;&quot;,&quot;control_all_text&quot;:null,&quot;post_id&quot;:15359,&quot;widget_id&quot;:&quot;9a58d6a&quot;}\" data-search-all=\"\" data-gallery-items=\"WyI8ZGl2IGNsYXNzPVwiZWFlbC1maWx0ZXJhYmxlLWdhbGxlcnktaXRlbS13cmFwXCI+XG5cdFx0XHRcdDxkaXYgY2xhc3M9XCJlYWVsLWdhbGxlcnktZ3JpZC1pdGVtXCI+PGRpdiBjbGFzcz1cImdhbGxlcnktaXRlbS10aHVtYm5haWwtd3JhcFwiPjxpbWcgd2lkdGg9XCIzMDBcIiBoZWlnaHQ9XCIzMDBcIiBzcmM9XCJodHRwczpcL1wvbWFyc2V0aWtldG1hdGJhYS5jb20udHJcL3dwLWNvbnRlbnRcL3VwbG9hZHNcLzIwMjVcLzA5XC9EU0MxNDcxOC0zMDB4MzAwLnBuZ1wiIGNsYXNzPVwiYXR0YWNobWVudC1tZWRpdW0gc2l6ZS1tZWRpdW0gd3AtaW1hZ2UtMTU3ODZcIiBhbHQ9XCJcIiBzcmNzZXQ9XCJodHRwczpcL1wvbWFyc2V0aWtldG1hdGJhYS5jb20udHJcL3dwLWNvbnRlbnRcL3VwbG9hZHNcLzIwMjVcLzA5XC9EU0MxNDcxOC0zMDB4MzAwLnBuZyAzMDB3LCBodHRwczpcL1wvbWFyc2V0aWtldG1hdGJhYS5jb20udHJcL3dwLWNvbnRlbnRcL3VwbG9hZHNcLzIwMjVcLzA5XC9EU0MxNDcxOC0xNTB4MTUwLnBuZyAxNTB3LCBodHRwczpcL1wvbWFyc2V0aWtldG1hdGJhYS5jb20udHJcL3dwLWNvbnRlbnRcL3VwbG9hZHNcLzIwMjVcLzA5XC9EU0MxNDcxOC5wbmcgNDAwd1wiIHNpemVzPVwiKG1heC13aWR0aDogMzAwcHgpIDEwMHZ3LCAzMDBweFwiIFwvPjxcL2Rpdj48ZGl2IGNsYXNzPVwiZ2FsbGVyeS1pdGVtLWNhcHRpb24td3JhcCBjYXB0aW9uLXN0eWxlLWhvdmVyZXIgZWFlbC1zbGlkZS11cFwiPjxkaXYgY2xhc3M9XCJnYWxsZXJ5LWl0ZW0taG92ZXJlci1iZ1wiPjxcL2Rpdj48ZGl2IGNsYXNzPVwiZ2FsbGVyeS1pdGVtLWNhcHRpb24tb3ZlclwiPjxkaXYgY2xhc3M9XCJnYWxsZXJ5LWl0ZW0tYnV0dG9uc1wiPjxhIGFyZWEtaGlkZGVuPVwidHJ1ZVwiIGFyaWEtbGFiZWw9XCJlYWVsLW1hZ25pZmljLWxpbmtcIiBocmVmPVwiaHR0cHM6XC9cL21hcnNldGlrZXRtYXRiYWEuY29tLnRyXC93cC1jb250ZW50XC91cGxvYWRzXC8yMDI1XC8wOVwvRFNDMTQ3MTgucG5nXCIgY2xhc3M9XCJlYWVsLW1hZ25pZmljLWxpbmsgZWFlbC1tYWduaWZpYy1saW5rLWNsb25lIGFjdGl2ZVwiIGRhdGEtZWxlbWVudG9yLW9wZW4tbGlnaHRib3g9XCJ5ZXNcIiB0aXRsZT1cIlwiPjxzcGFuIGNsYXNzPVwiZmctaXRlbS1pY29uLWlubmVyXCI+PGkgY2xhc3M9XCJmYXMgZmEtc2VhcmNoLXBsdXNcIiBhcmlhLWhpZGRlbj1cInRydWVcIj48XC9pPjxcL3NwYW4+XG4gICAgICAgICAgICA8XC9hPjxcL2Rpdj48XC9kaXY+PFwvZGl2PjxcL2Rpdj48XC9kaXY+IiwiPGRpdiBjbGFzcz1cImVhZWwtZmlsdGVyYWJsZS1nYWxsZXJ5LWl0ZW0td3JhcFwiPlxuXHRcdFx0XHQ8ZGl2IGNsYXNzPVwiZWFlbC1nYWxsZXJ5LWdyaWQtaXRlbVwiPjxkaXYgY2xhc3M9XCJnYWxsZXJ5LWl0ZW0tdGh1bWJuYWlsLXdyYXBcIj48aW1nIHdpZHRoPVwiMzAwXCIgaGVpZ2h0PVwiMzAwXCIgc3JjPVwiaHR0cHM6XC9cL21hcnNldGlrZXRtYXRiYWEuY29tLnRyXC93cC1jb250ZW50XC91cGxvYWRzXC8yMDI1XC8wOVwvaWFwXzMwMHgzMDAuNTcyNDU0OTU2NV9zZmRsOXJ5eS5qcGdcIiBjbGFzcz1cImF0dGFjaG1lbnQtbWVkaXVtIHNpemUtbWVkaXVtIHdwLWltYWdlLTE1Nzg3XCIgYWx0PVwiXCIgc3Jjc2V0PVwiaHR0cHM6XC9cL21hcnNldGlrZXRtYXRiYWEuY29tLnRyXC93cC1jb250ZW50XC91cGxvYWRzXC8yMDI1XC8wOVwvaWFwXzMwMHgzMDAuNTcyNDU0OTU2NV9zZmRsOXJ5eS5qcGcgMzAwdywgaHR0cHM6XC9cL21hcnNldGlrZXRtYXRiYWEuY29tLnRyXC93cC1jb250ZW50XC91cGxvYWRzXC8yMDI1XC8wOVwvaWFwXzMwMHgzMDAuNTcyNDU0OTU2NV9zZmRsOXJ5eS0xNTB4MTUwLmpwZyAxNTB3XCIgc2l6ZXM9XCIobWF4LXdpZHRoOiAzMDBweCkgMTAwdncsIDMwMHB4XCIgXC8+PFwvZGl2PjxkaXYgY2xhc3M9XCJnYWxsZXJ5LWl0ZW0tY2FwdGlvbi13cmFwIGNhcHRpb24tc3R5bGUtaG92ZXJlciBlYWVsLXNsaWRlLXVwXCI+PGRpdiBjbGFzcz1cImdhbGxlcnktaXRlbS1ob3ZlcmVyLWJnXCI+PFwvZGl2PjxkaXYgY2xhc3M9XCJnYWxsZXJ5LWl0ZW0tY2FwdGlvbi1vdmVyXCI+PGRpdiBjbGFzcz1cImdhbGxlcnktaXRlbS1idXR0b25zXCI+PGEgYXJlYS1oaWRkZW49XCJ0cnVlXCIgYXJpYS1sYWJlbD1cImVhZWwtbWFnbmlmaWMtbGlua1wiIGhyZWY9XCJodHRwczpcL1wvbWFyc2V0aWtldG1hdGJhYS5jb20udHJcL3dwLWNvbnRlbnRcL3VwbG9hZHNcLzIwMjVcLzA5XC9pYXBfMzAweDMwMC41NzI0NTQ5NTY1X3NmZGw5cnl5LmpwZ1wiIGNsYXNzPVwiZWFlbC1tYWduaWZpYy1saW5rIGVhZWwtbWFnbmlmaWMtbGluay1jbG9uZSBhY3RpdmVcIiBkYXRhLWVsZW1lbnRvci1vcGVuLWxpZ2h0Ym94PVwieWVzXCIgdGl0bGU9XCJcIj48c3BhbiBjbGFzcz1cImZnLWl0ZW0taWNvbi1pbm5lclwiPjxpIGNsYXNzPVwiZmFzIGZhLXNlYXJjaC1wbHVzXCIgYXJpYS1oaWRkZW49XCJ0cnVlXCI+PFwvaT48XC9zcGFuPlxuICAgICAgICAgICAgPFwvYT48XC9kaXY+PFwvZGl2PjxcL2Rpdj48XC9kaXY+PFwvZGl2PiIsIjxkaXYgY2xhc3M9XCJlYWVsLWZpbHRlcmFibGUtZ2FsbGVyeS1pdGVtLXdyYXBcIj5cblx0XHRcdFx0PGRpdiBjbGFzcz1cImVhZWwtZ2FsbGVyeS1ncmlkLWl0ZW1cIj48ZGl2IGNsYXNzPVwiZ2FsbGVyeS1pdGVtLXRodW1ibmFpbC13cmFwXCI+PGltZyB3aWR0aD1cIjMwMFwiIGhlaWdodD1cIjMwMFwiIHNyYz1cImh0dHBzOlwvXC9tYXJzZXRpa2V0bWF0YmFhLmNvbS50clwvd3AtY29udGVudFwvdXBsb2Fkc1wvMjAyNVwvMDhcL3lpa2FtYS0xMC1lMTc1NjkwNDE0NDUyMi0zMDB4MzAwLmpwZ1wiIGNsYXNzPVwiYXR0YWNobWVudC1tZWRpdW0gc2l6ZS1tZWRpdW0gd3AtaW1hZ2UtMTU0NTJcIiBhbHQ9XCJcIiBzcmNzZXQ9XCJodHRwczpcL1wvbWFyc2V0aWtldG1hdGJhYS5jb20udHJcL3dwLWNvbnRlbnRcL3VwbG9hZHNcLzIwMjVcLzA4XC95aWthbWEtMTAtZTE3NTY5MDQxNDQ1MjItMzAweDMwMC5qcGcgMzAwdywgaHR0cHM6XC9cL21hcnNldGlrZXRtYXRiYWEuY29tLnRyXC93cC1jb250ZW50XC91cGxvYWRzXC8yMDI1XC8wOFwveWlrYW1hLTEwLWUxNzU2OTA0MTQ0NTIyLTE1MHgxNTAuanBnIDE1MHcsIGh0dHBzOlwvXC9tYXJzZXRpa2V0bWF0YmFhLmNvbS50clwvd3AtY29udGVudFwvdXBsb2Fkc1wvMjAyNVwvMDhcL3lpa2FtYS0xMC1lMTc1NjkwNDE0NDUyMi03Njh4NzY4LmpwZyA3Njh3LCBodHRwczpcL1wvbWFyc2V0aWtldG1hdGJhYS5jb20udHJcL3dwLWNvbnRlbnRcL3VwbG9hZHNcLzIwMjVcLzA4XC95aWthbWEtMTAtZTE3NTY5MDQxNDQ1MjItMTJ4MTIuanBnIDEydywgaHR0cHM6XC9cL21hcnNldGlrZXRtYXRiYWEuY29tLnRyXC93cC1jb250ZW50XC91cGxvYWRzXC8yMDI1XC8wOFwveWlrYW1hLTEwLWUxNzU2OTA0MTQ0NTIyLmpwZyA5MDB3XCIgc2l6ZXM9XCIobWF4LXdpZHRoOiAzMDBweCkgMTAwdncsIDMwMHB4XCIgXC8+PFwvZGl2PjxkaXYgY2xhc3M9XCJnYWxsZXJ5LWl0ZW0tY2FwdGlvbi13cmFwIGNhcHRpb24tc3R5bGUtaG92ZXJlciBlYWVsLXNsaWRlLXVwXCI+PGRpdiBjbGFzcz1cImdhbGxlcnktaXRlbS1ob3ZlcmVyLWJnXCI+PFwvZGl2PjxkaXYgY2xhc3M9XCJnYWxsZXJ5LWl0ZW0tY2FwdGlvbi1vdmVyXCI+PGRpdiBjbGFzcz1cImdhbGxlcnktaXRlbS1idXR0b25zXCI+PGEgYXJlYS1oaWRkZW49XCJ0cnVlXCIgYXJpYS1sYWJlbD1cImVhZWwtbWFnbmlmaWMtbGlua1wiIGhyZWY9XCJodHRwczpcL1wvbWFyc2V0aWtldG1hdGJhYS5jb20udHJcL3dwLWNvbnRlbnRcL3VwbG9hZHNcLzIwMjVcLzA4XC95aWthbWEtMTAtZTE3NTY5MDQxNDQ1MjIuanBnXCIgY2xhc3M9XCJlYWVsLW1hZ25pZmljLWxpbmsgZWFlbC1tYWduaWZpYy1saW5rLWNsb25lIGFjdGl2ZVwiIGRhdGEtZWxlbWVudG9yLW9wZW4tbGlnaHRib3g9XCJ5ZXNcIiB0aXRsZT1cIlwiPjxzcGFuIGNsYXNzPVwiZmctaXRlbS1pY29uLWlubmVyXCI+PGkgY2xhc3M9XCJmYXMgZmEtc2VhcmNoLXBsdXNcIiBhcmlhLWhpZGRlbj1cInRydWVcIj48XC9pPjxcL3NwYW4+XG4gICAgICAgICAgICA8XC9hPjxcL2Rpdj48XC9kaXY+PFwvZGl2PjxcL2Rpdj48XC9kaXY+Il0=\" data-init-show=\"6\">\n            <div class=\"eael-filterable-gallery-item-wrap\">\n\t\t\t\t<div class=\"eael-gallery-grid-item\"><div class=\"gallery-item-thumbnail-wrap\"><img fetchpriority=\"high\" decoding=\"async\" width=\"300\" height=\"300\" src=\"https:\/\/marsetiketmatbaa.com.tr\/wp-content\/uploads\/2025\/09\/DSC14718-300x300.png\" class=\"attachment-medium size-medium wp-image-15786\" alt=\"\" srcset=\"https:\/\/marsetiketmatbaa.com.tr\/wp-content\/uploads\/2025\/09\/DSC14718-300x300.png 300w, https:\/\/marsetiketmatbaa.com.tr\/wp-content\/uploads\/2025\/09\/DSC14718-150x150.png 150w, https:\/\/marsetiketmatbaa.com.tr\/wp-content\/uploads\/2025\/09\/DSC14718.png 400w\" sizes=\"(max-width: 300px) 100vw, 300px\" \/><\/div><div class=\"gallery-item-caption-wrap caption-style-hoverer eael-slide-up\"><div class=\"gallery-item-hoverer-bg\"><\/div><div class=\"gallery-item-caption-over\"><div class=\"gallery-item-buttons\"><a area-hidden=\"true\" aria-label=\"eael-magnific-link\" href=\"https:\/\/marsetiketmatbaa.com.tr\/wp-content\/uploads\/2025\/09\/DSC14718.png\" class=\"eael-magnific-link eael-magnific-link-clone active\" data-elementor-open-lightbox=\"yes\" title=\"\"><span class=\"fg-item-icon-inner\"><i class=\"fas fa-search-plus\" aria-hidden=\"true\"><\/i><\/span>\n            <\/a><\/div><\/div><\/div><\/div><\/div><div class=\"eael-filterable-gallery-item-wrap\">\n\t\t\t\t<div class=\"eael-gallery-grid-item\"><div class=\"gallery-item-thumbnail-wrap\"><img decoding=\"async\" width=\"300\" height=\"300\" src=\"https:\/\/marsetiketmatbaa.com.tr\/wp-content\/uploads\/2025\/09\/iap_300x300.5724549565_sfdl9ryy.jpg\" class=\"attachment-medium size-medium wp-image-15787\" alt=\"\" srcset=\"https:\/\/marsetiketmatbaa.com.tr\/wp-content\/uploads\/2025\/09\/iap_300x300.5724549565_sfdl9ryy.jpg 300w, https:\/\/marsetiketmatbaa.com.tr\/wp-content\/uploads\/2025\/09\/iap_300x300.5724549565_sfdl9ryy-150x150.jpg 150w\" sizes=\"(max-width: 300px) 100vw, 300px\" \/><\/div><div class=\"gallery-item-caption-wrap caption-style-hoverer eael-slide-up\"><div class=\"gallery-item-hoverer-bg\"><\/div><div class=\"gallery-item-caption-over\"><div class=\"gallery-item-buttons\"><a area-hidden=\"true\" aria-label=\"eael-magnific-link\" href=\"https:\/\/marsetiketmatbaa.com.tr\/wp-content\/uploads\/2025\/09\/iap_300x300.5724549565_sfdl9ryy.jpg\" class=\"eael-magnific-link eael-magnific-link-clone active\" data-elementor-open-lightbox=\"yes\" title=\"\"><span class=\"fg-item-icon-inner\"><i class=\"fas fa-search-plus\" aria-hidden=\"true\"><\/i><\/span>\n            <\/a><\/div><\/div><\/div><\/div><\/div><div class=\"eael-filterable-gallery-item-wrap\">\n\t\t\t\t<div class=\"eael-gallery-grid-item\"><div class=\"gallery-item-thumbnail-wrap\"><img decoding=\"async\" width=\"300\" height=\"300\" src=\"https:\/\/marsetiketmatbaa.com.tr\/wp-content\/uploads\/2025\/08\/yikama-10-e1756904144522-300x300.jpg\" class=\"attachment-medium size-medium wp-image-15452\" alt=\"\" srcset=\"https:\/\/marsetiketmatbaa.com.tr\/wp-content\/uploads\/2025\/08\/yikama-10-e1756904144522-300x300.jpg 300w, https:\/\/marsetiketmatbaa.com.tr\/wp-content\/uploads\/2025\/08\/yikama-10-e1756904144522-150x150.jpg 150w, https:\/\/marsetiketmatbaa.com.tr\/wp-content\/uploads\/2025\/08\/yikama-10-e1756904144522-768x768.jpg 768w, https:\/\/marsetiketmatbaa.com.tr\/wp-content\/uploads\/2025\/08\/yikama-10-e1756904144522-12x12.jpg 12w, https:\/\/marsetiketmatbaa.com.tr\/wp-content\/uploads\/2025\/08\/yikama-10-e1756904144522.jpg 900w\" sizes=\"(max-width: 300px) 100vw, 300px\" \/><\/div><div class=\"gallery-item-caption-wrap caption-style-hoverer eael-slide-up\"><div class=\"gallery-item-hoverer-bg\"><\/div><div class=\"gallery-item-caption-over\"><div class=\"gallery-item-buttons\"><a area-hidden=\"true\" aria-label=\"eael-magnific-link\" href=\"https:\/\/marsetiketmatbaa.com.tr\/wp-content\/uploads\/2025\/08\/yikama-10-e1756904144522.jpg\" class=\"eael-magnific-link eael-magnific-link-clone active\" data-elementor-open-lightbox=\"yes\" title=\"\"><span class=\"fg-item-icon-inner\"><i class=\"fas fa-search-plus\" aria-hidden=\"true\"><\/i><\/span>\n            <\/a><\/div><\/div><\/div><\/div><\/div>        <\/div>\n                <\/div>\n        \n        \t\t\t\t<\/div>\n\t\t\t\t<\/div>\n\t\t\t\t\t<\/div>\n\t\t<\/div>\n\t\t\t\t\t<\/div>\n\t\t<\/section>\n\t\t\t\t<\/div>","protected":false},"excerpt":{"rendered":"<p>Y\u0131kama Talimat\u0131 Etiketleri \u00dcr\u00fcn\u00fcn\u00fcz\u00fcn uzun \u00f6m\u00fcrl\u00fc olmas\u0131 i\u00e7in kullan\u0131c\u0131ya rehberlik eden y\u0131kama talimat\u0131 etiketleri; bask\u0131l\u0131, termal ya da lazer kesimli olarak sunulur. Standartlara uygun \u00fcretimle, net ve kal\u0131c\u0131 bask\u0131 garantisi veriyoruz. \u00d6zellikler: Naylon, saten, polyester, tyvek gibi farkl\u0131 malzeme se\u00e7enekleri ISO ve Avrupa standartlar\u0131na uygun semboller Barkod, QR kod ve seri numaras\u0131 eklenebilir Solmaz, akmaz, [&hellip;]<\/p>","protected":false},"author":1,"featured_media":0,"parent":0,"menu_order":0,"comment_status":"closed","ping_status":"closed","template":"","meta":{"footnotes":""},"class_list":["post-15359","page","type-page","status-publish","hentry"],"_links":{"self":[{"href":"https:\/\/marsetiketmatbaa.com.tr\/en\/wp-json\/wp\/v2\/pages\/15359","targetHints":{"allow":["GET"]}}],"collection":[{"href":"https:\/\/marsetiketmatbaa.com.tr\/en\/wp-json\/wp\/v2\/pages"}],"about":[{"href":"https:\/\/marsetiketmatbaa.com.tr\/en\/wp-json\/wp\/v2\/types\/page"}],"author":[{"embeddable":true,"href":"https:\/\/marsetiketmatbaa.com.tr\/en\/wp-json\/wp\/v2\/users\/1"}],"replies":[{"embeddable":true,"href":"https:\/\/marsetiketmatbaa.com.tr\/en\/wp-json\/wp\/v2\/comments?post=15359"}],"version-history":[{"count":13,"href":"https:\/\/marsetiketmatbaa.com.tr\/en\/wp-json\/wp\/v2\/pages\/15359\/revisions"}],"predecessor-version":[{"id":16010,"href":"https:\/\/marsetiketmatbaa.com.tr\/en\/wp-json\/wp\/v2\/pages\/15359\/revisions\/16010"}],"wp:attachment":[{"href":"https:\/\/marsetiketmatbaa.com.tr\/en\/wp-json\/wp\/v2\/media?parent=15359"}],"curies":[{"name":"wp","href":"https:\/\/api.w.org\/{rel}","templated":true}]}}