{"id":15259,"date":"2025-07-25T11:22:21","date_gmt":"2025-07-25T11:22:21","guid":{"rendered":"https:\/\/marsetiketmatbaa.com.tr\/?page_id=15259"},"modified":"2025-09-24T09:15:49","modified_gmt":"2025-09-24T09:15:49","slug":"urunlerimiz","status":"publish","type":"page","link":"https:\/\/marsetiketmatbaa.com.tr\/en\/urunlerimiz\/","title":{"rendered":"Our products"},"content":{"rendered":"<div data-elementor-type=\"wp-page\" data-elementor-id=\"15259\" class=\"elementor elementor-15259\" data-elementor-post-type=\"page\">\n\t\t\t\t\t\t<section class=\"elementor-section elementor-top-section elementor-element elementor-element-e28a1b5 elementor-section-boxed elementor-section-height-default elementor-section-height-default\" data-id=\"e28a1b5\" data-element_type=\"section\" data-e-type=\"section\">\n\t\t\t\t\t\t<div class=\"elementor-container elementor-column-gap-default\">\n\t\t\t\t\t<div class=\"elementor-column elementor-col-100 elementor-top-column elementor-element elementor-element-03b1228\" data-id=\"03b1228\" data-element_type=\"column\" data-e-type=\"column\">\n\t\t\t<div class=\"elementor-widget-wrap elementor-element-populated\">\n\t\t\t\t\t\t<div class=\"elementor-element elementor-element-e08165a elementor-widget elementor-widget-spacer\" data-id=\"e08165a\" data-element_type=\"widget\" data-e-type=\"widget\" data-widget_type=\"spacer.default\">\n\t\t\t\t<div class=\"elementor-widget-container\">\n\t\t\t\t\t\t\t<div class=\"elementor-spacer\">\n\t\t\t<div class=\"elementor-spacer-inner\"><\/div>\n\t\t<\/div>\n\t\t\t\t\t\t<\/div>\n\t\t\t\t<\/div>\n\t\t\t\t\t<\/div>\n\t\t<\/div>\n\t\t\t\t\t<\/div>\n\t\t<\/section>\n\t\t\t\t<section class=\"elementor-section elementor-top-section elementor-element elementor-element-c10c656 elementor-section-boxed elementor-section-height-default elementor-section-height-default\" data-id=\"c10c656\" data-element_type=\"section\" data-e-type=\"section\">\n\t\t\t\t\t\t<div class=\"elementor-container elementor-column-gap-default\">\n\t\t\t\t\t<div class=\"elementor-column elementor-col-33 elementor-top-column elementor-element elementor-element-52e4fd7\" data-id=\"52e4fd7\" data-element_type=\"column\" data-e-type=\"column\">\n\t\t\t<div class=\"elementor-widget-wrap elementor-element-populated\">\n\t\t\t\t\t\t<div class=\"elementor-element elementor-element-0c558ea elementor-position-top elementor-widget elementor-widget-image-box\" data-id=\"0c558ea\" data-element_type=\"widget\" data-e-type=\"widget\" data-widget_type=\"image-box.default\">\n\t\t\t\t<div class=\"elementor-widget-container\">\n\t\t\t\t\t<div class=\"elementor-image-box-wrapper\"><figure class=\"elementor-image-box-img\"><a href=\"https:\/\/marsetiketmatbaa.com.tr\/en\/dokuma-etiket\/\" tabindex=\"-1\"><img fetchpriority=\"high\" decoding=\"async\" width=\"900\" height=\"900\" src=\"https:\/\/marsetiketmatbaa.com.tr\/wp-content\/uploads\/2025\/09\/hrhr.jpeg\" class=\"attachment-full size-full wp-image-15930\" alt=\"\" srcset=\"https:\/\/marsetiketmatbaa.com.tr\/wp-content\/uploads\/2025\/09\/hrhr.jpeg 900w, https:\/\/marsetiketmatbaa.com.tr\/wp-content\/uploads\/2025\/09\/hrhr-300x300.jpeg 300w, https:\/\/marsetiketmatbaa.com.tr\/wp-content\/uploads\/2025\/09\/hrhr-150x150.jpeg 150w, https:\/\/marsetiketmatbaa.com.tr\/wp-content\/uploads\/2025\/09\/hrhr-768x768.jpeg 768w, https:\/\/marsetiketmatbaa.com.tr\/wp-content\/uploads\/2025\/09\/hrhr-12x12.jpeg 12w\" sizes=\"(max-width: 900px) 100vw, 900px\" \/><\/a><\/figure><div class=\"elementor-image-box-content\"><h3 class=\"elementor-image-box-title\"><a href=\"https:\/\/marsetiketmatbaa.com.tr\/en\/dokuma-etiket\/\">Woven Labels<\/a><\/h3><\/div><\/div>\t\t\t\t<\/div>\n\t\t\t\t<\/div>\n\t\t\t\t\t<\/div>\n\t\t<\/div>\n\t\t\t\t<div class=\"elementor-column elementor-col-33 elementor-top-column elementor-element elementor-element-903aa6d\" data-id=\"903aa6d\" data-element_type=\"column\" data-e-type=\"column\">\n\t\t\t<div class=\"elementor-widget-wrap elementor-element-populated\">\n\t\t\t\t\t\t<div class=\"elementor-element elementor-element-3bd11c9 elementor-position-top elementor-widget elementor-widget-image-box\" data-id=\"3bd11c9\" data-element_type=\"widget\" data-e-type=\"widget\" data-widget_type=\"image-box.default\">\n\t\t\t\t<div class=\"elementor-widget-container\">\n\t\t\t\t\t<div class=\"elementor-image-box-wrapper\"><figure class=\"elementor-image-box-img\"><a href=\"https:\/\/marsetiketmatbaa.com.tr\/en\/yikama-talimati-etiketleri\/\" tabindex=\"-1\"><img decoding=\"async\" width=\"900\" height=\"900\" src=\"https:\/\/marsetiketmatbaa.com.tr\/wp-content\/uploads\/2025\/08\/yikama-10-e1756904144522.jpg\" class=\"attachment-full size-full wp-image-15452\" alt=\"\" srcset=\"https:\/\/marsetiketmatbaa.com.tr\/wp-content\/uploads\/2025\/08\/yikama-10-e1756904144522.jpg 900w, https:\/\/marsetiketmatbaa.com.tr\/wp-content\/uploads\/2025\/08\/yikama-10-e1756904144522-300x300.jpg 300w, https:\/\/marsetiketmatbaa.com.tr\/wp-content\/uploads\/2025\/08\/yikama-10-e1756904144522-150x150.jpg 150w, https:\/\/marsetiketmatbaa.com.tr\/wp-content\/uploads\/2025\/08\/yikama-10-e1756904144522-768x768.jpg 768w, https:\/\/marsetiketmatbaa.com.tr\/wp-content\/uploads\/2025\/08\/yikama-10-e1756904144522-12x12.jpg 12w\" sizes=\"(max-width: 900px) 100vw, 900px\" \/><\/a><\/figure><div class=\"elementor-image-box-content\"><h3 class=\"elementor-image-box-title\"><a href=\"https:\/\/marsetiketmatbaa.com.tr\/en\/yikama-talimati-etiketleri\/\">Washing Instruction Labels <\/a><\/h3><\/div><\/div>\t\t\t\t<\/div>\n\t\t\t\t<\/div>\n\t\t\t\t\t<\/div>\n\t\t<\/div>\n\t\t\t\t<div class=\"elementor-column elementor-col-33 elementor-top-column elementor-element elementor-element-4736068\" data-id=\"4736068\" data-element_type=\"column\" data-e-type=\"column\">\n\t\t\t<div class=\"elementor-widget-wrap elementor-element-populated\">\n\t\t\t\t\t\t<div class=\"elementor-element elementor-element-2ec41a6 elementor-position-top elementor-widget elementor-widget-image-box\" data-id=\"2ec41a6\" data-element_type=\"widget\" data-e-type=\"widget\" data-widget_type=\"image-box.default\">\n\t\t\t\t<div class=\"elementor-widget-container\">\n\t\t\t\t\t<div class=\"elementor-image-box-wrapper\"><figure class=\"elementor-image-box-img\"><a href=\"https:\/\/marsetiketmatbaa.com.tr\/en\/karton-etiketler\/\" tabindex=\"-1\"><img decoding=\"async\" width=\"913\" height=\"913\" src=\"https:\/\/marsetiketmatbaa.com.tr\/wp-content\/uploads\/2025\/08\/dsc01159.png\" class=\"attachment-full size-full wp-image-15369\" alt=\"\" srcset=\"https:\/\/marsetiketmatbaa.com.tr\/wp-content\/uploads\/2025\/08\/dsc01159.png 913w, https:\/\/marsetiketmatbaa.com.tr\/wp-content\/uploads\/2025\/08\/dsc01159-300x300.png 300w, https:\/\/marsetiketmatbaa.com.tr\/wp-content\/uploads\/2025\/08\/dsc01159-150x150.png 150w, https:\/\/marsetiketmatbaa.com.tr\/wp-content\/uploads\/2025\/08\/dsc01159-768x768.png 768w, https:\/\/marsetiketmatbaa.com.tr\/wp-content\/uploads\/2025\/08\/dsc01159-12x12.png 12w\" sizes=\"(max-width: 913px) 100vw, 913px\" \/><\/a><\/figure><div class=\"elementor-image-box-content\"><h3 class=\"elementor-image-box-title\"><a href=\"https:\/\/marsetiketmatbaa.com.tr\/en\/karton-etiketler\/\">Cardboard Labels <\/a><\/h3><\/div><\/div>\t\t\t\t<\/div>\n\t\t\t\t<\/div>\n\t\t\t\t\t<\/div>\n\t\t<\/div>\n\t\t\t\t\t<\/div>\n\t\t<\/section>\n\t\t\t\t<section class=\"elementor-section elementor-top-section elementor-element elementor-element-360d8cb elementor-section-boxed elementor-section-height-default elementor-section-height-default\" data-id=\"360d8cb\" data-element_type=\"section\" data-e-type=\"section\">\n\t\t\t\t\t\t<div class=\"elementor-container elementor-column-gap-default\">\n\t\t\t\t\t<div class=\"elementor-column elementor-col-33 elementor-top-column elementor-element elementor-element-2b03935\" data-id=\"2b03935\" data-element_type=\"column\" data-e-type=\"column\">\n\t\t\t<div class=\"elementor-widget-wrap elementor-element-populated\">\n\t\t\t\t\t\t<div class=\"elementor-element elementor-element-9c18550 elementor-position-top elementor-widget elementor-widget-image-box\" data-id=\"9c18550\" data-element_type=\"widget\" data-e-type=\"widget\" data-widget_type=\"image-box.default\">\n\t\t\t\t<div class=\"elementor-widget-container\">\n\t\t\t\t\t<div class=\"elementor-image-box-wrapper\"><figure class=\"elementor-image-box-img\"><a href=\"https:\/\/marsetiketmatbaa.com.tr\/en\/deri-ve-simili-deri-etiketler\/\" tabindex=\"-1\"><img loading=\"lazy\" decoding=\"async\" width=\"1206\" height=\"1206\" src=\"https:\/\/marsetiketmatbaa.com.tr\/wp-content\/uploads\/2025\/08\/2.png\" class=\"attachment-full size-full wp-image-15385\" alt=\"\" srcset=\"https:\/\/marsetiketmatbaa.com.tr\/wp-content\/uploads\/2025\/08\/2.png 1206w, https:\/\/marsetiketmatbaa.com.tr\/wp-content\/uploads\/2025\/08\/2-300x300.png 300w, https:\/\/marsetiketmatbaa.com.tr\/wp-content\/uploads\/2025\/08\/2-1024x1024.png 1024w, https:\/\/marsetiketmatbaa.com.tr\/wp-content\/uploads\/2025\/08\/2-150x150.png 150w, https:\/\/marsetiketmatbaa.com.tr\/wp-content\/uploads\/2025\/08\/2-768x768.png 768w, https:\/\/marsetiketmatbaa.com.tr\/wp-content\/uploads\/2025\/08\/2-12x12.png 12w\" sizes=\"(max-width: 1206px) 100vw, 1206px\" \/><\/a><\/figure><div class=\"elementor-image-box-content\"><h3 class=\"elementor-image-box-title\"><a href=\"https:\/\/marsetiketmatbaa.com.tr\/en\/deri-ve-simili-deri-etiketler\/\">Leather Labels<\/a><\/h3><\/div><\/div>\t\t\t\t<\/div>\n\t\t\t\t<\/div>\n\t\t\t\t\t<\/div>\n\t\t<\/div>\n\t\t\t\t<div class=\"elementor-column elementor-col-33 elementor-top-column elementor-element elementor-element-88b88c7\" data-id=\"88b88c7\" data-element_type=\"column\" data-e-type=\"column\">\n\t\t\t<div class=\"elementor-widget-wrap elementor-element-populated\">\n\t\t\t\t\t\t<div class=\"elementor-element elementor-element-41bf94a elementor-position-top elementor-widget elementor-widget-image-box\" data-id=\"41bf94a\" data-element_type=\"widget\" data-e-type=\"widget\" data-widget_type=\"image-box.default\">\n\t\t\t\t<div class=\"elementor-widget-container\">\n\t\t\t\t\t<div class=\"elementor-image-box-wrapper\"><figure class=\"elementor-image-box-img\"><a href=\"https:\/\/marsetiketmatbaa.com.tr\/en\/sticker-etiket\/\" tabindex=\"-1\"><img loading=\"lazy\" decoding=\"async\" width=\"1206\" height=\"1205\" src=\"https:\/\/marsetiketmatbaa.com.tr\/wp-content\/uploads\/2025\/09\/2.png\" class=\"attachment-full size-full wp-image-15779\" alt=\"\" srcset=\"https:\/\/marsetiketmatbaa.com.tr\/wp-content\/uploads\/2025\/09\/2.png 1206w, https:\/\/marsetiketmatbaa.com.tr\/wp-content\/uploads\/2025\/09\/2-300x300.png 300w, https:\/\/marsetiketmatbaa.com.tr\/wp-content\/uploads\/2025\/09\/2-1024x1024.png 1024w, https:\/\/marsetiketmatbaa.com.tr\/wp-content\/uploads\/2025\/09\/2-150x150.png 150w, https:\/\/marsetiketmatbaa.com.tr\/wp-content\/uploads\/2025\/09\/2-768x767.png 768w\" sizes=\"(max-width: 1206px) 100vw, 1206px\" \/><\/a><\/figure><div class=\"elementor-image-box-content\"><h3 class=\"elementor-image-box-title\"><a href=\"https:\/\/marsetiketmatbaa.com.tr\/en\/sticker-etiket\/\">Sticker Label<\/a><\/h3><\/div><\/div>\t\t\t\t<\/div>\n\t\t\t\t<\/div>\n\t\t\t\t\t<\/div>\n\t\t<\/div>\n\t\t\t\t<div class=\"elementor-column elementor-col-33 elementor-top-column elementor-element elementor-element-605e095\" data-id=\"605e095\" data-element_type=\"column\" data-e-type=\"column\">\n\t\t\t<div class=\"elementor-widget-wrap elementor-element-populated\">\n\t\t\t\t\t\t<div class=\"elementor-element elementor-element-6fcdfa9 elementor-position-top elementor-widget elementor-widget-image-box\" data-id=\"6fcdfa9\" data-element_type=\"widget\" data-e-type=\"widget\" data-widget_type=\"image-box.default\">\n\t\t\t\t<div class=\"elementor-widget-container\">\n\t\t\t\t\t<div class=\"elementor-image-box-wrapper\"><figure class=\"elementor-image-box-img\"><a href=\"https:\/\/marsetiketmatbaa.com.tr\/en\/hologram-ve-guvenlik-etiketleri\/\" tabindex=\"-1\"><img loading=\"lazy\" decoding=\"async\" width=\"1205\" height=\"1205\" src=\"https:\/\/marsetiketmatbaa.com.tr\/wp-content\/uploads\/2025\/08\/3.png\" class=\"attachment-full size-full wp-image-15403\" alt=\"\" srcset=\"https:\/\/marsetiketmatbaa.com.tr\/wp-content\/uploads\/2025\/08\/3.png 1205w, https:\/\/marsetiketmatbaa.com.tr\/wp-content\/uploads\/2025\/08\/3-300x300.png 300w, https:\/\/marsetiketmatbaa.com.tr\/wp-content\/uploads\/2025\/08\/3-1024x1024.png 1024w, https:\/\/marsetiketmatbaa.com.tr\/wp-content\/uploads\/2025\/08\/3-150x150.png 150w, https:\/\/marsetiketmatbaa.com.tr\/wp-content\/uploads\/2025\/08\/3-768x768.png 768w, https:\/\/marsetiketmatbaa.com.tr\/wp-content\/uploads\/2025\/08\/3-12x12.png 12w\" sizes=\"(max-width: 1205px) 100vw, 1205px\" \/><\/a><\/figure><div class=\"elementor-image-box-content\"><h3 class=\"elementor-image-box-title\"><a href=\"https:\/\/marsetiketmatbaa.com.tr\/en\/hologram-ve-guvenlik-etiketleri\/\">Holograms and Security Labels<\/a><\/h3><\/div><\/div>\t\t\t\t<\/div>\n\t\t\t\t<\/div>\n\t\t\t\t\t<\/div>\n\t\t<\/div>\n\t\t\t\t\t<\/div>\n\t\t<\/section>\n\t\t\t\t<section class=\"elementor-section elementor-top-section elementor-element elementor-element-144d4a4 elementor-section-boxed elementor-section-height-default elementor-section-height-default\" data-id=\"144d4a4\" data-element_type=\"section\" data-e-type=\"section\">\n\t\t\t\t\t\t<div class=\"elementor-container elementor-column-gap-default\">\n\t\t\t\t\t<div class=\"elementor-column elementor-col-33 elementor-top-column elementor-element elementor-element-b18a050\" data-id=\"b18a050\" data-element_type=\"column\" data-e-type=\"column\">\n\t\t\t<div class=\"elementor-widget-wrap elementor-element-populated\">\n\t\t\t\t\t\t<div class=\"elementor-element elementor-element-8959f65 elementor-position-top elementor-widget elementor-widget-image-box\" data-id=\"8959f65\" data-element_type=\"widget\" data-e-type=\"widget\" data-widget_type=\"image-box.default\">\n\t\t\t\t<div class=\"elementor-widget-container\">\n\t\t\t\t\t<div class=\"elementor-image-box-wrapper\"><figure class=\"elementor-image-box-img\"><a href=\"https:\/\/marsetiketmatbaa.com.tr\/en\/barkod-ve-qr-kod-etiketleri\/\" tabindex=\"-1\"><img loading=\"lazy\" decoding=\"async\" width=\"2560\" height=\"2560\" src=\"https:\/\/marsetiketmatbaa.com.tr\/wp-content\/uploads\/2025\/08\/barkod-scaled.jpg\" class=\"attachment-full size-full wp-image-15454\" alt=\"\" srcset=\"https:\/\/marsetiketmatbaa.com.tr\/wp-content\/uploads\/2025\/08\/barkod-scaled.jpg 2560w, https:\/\/marsetiketmatbaa.com.tr\/wp-content\/uploads\/2025\/08\/barkod-300x300.jpg 300w, https:\/\/marsetiketmatbaa.com.tr\/wp-content\/uploads\/2025\/08\/barkod-1024x1024.jpg 1024w, https:\/\/marsetiketmatbaa.com.tr\/wp-content\/uploads\/2025\/08\/barkod-150x150.jpg 150w, https:\/\/marsetiketmatbaa.com.tr\/wp-content\/uploads\/2025\/08\/barkod-768x768.jpg 768w, https:\/\/marsetiketmatbaa.com.tr\/wp-content\/uploads\/2025\/08\/barkod-1536x1536.jpg 1536w, https:\/\/marsetiketmatbaa.com.tr\/wp-content\/uploads\/2025\/08\/barkod-2048x2048.jpg 2048w, https:\/\/marsetiketmatbaa.com.tr\/wp-content\/uploads\/2025\/08\/barkod-12x12.jpg 12w\" sizes=\"(max-width: 2560px) 100vw, 2560px\" \/><\/a><\/figure><div class=\"elementor-image-box-content\"><h3 class=\"elementor-image-box-title\"><a href=\"https:\/\/marsetiketmatbaa.com.tr\/en\/barkod-ve-qr-kod-etiketleri\/\">Barcode and QR Code Labels<\/a><\/h3><\/div><\/div>\t\t\t\t<\/div>\n\t\t\t\t<\/div>\n\t\t\t\t\t<\/div>\n\t\t<\/div>\n\t\t\t\t<div class=\"elementor-column elementor-col-33 elementor-top-column elementor-element elementor-element-e85a9ba\" data-id=\"e85a9ba\" data-element_type=\"column\" data-e-type=\"column\">\n\t\t\t<div class=\"elementor-widget-wrap elementor-element-populated\">\n\t\t\t\t\t\t<div class=\"elementor-element elementor-element-bd5e41b elementor-position-top elementor-widget elementor-widget-image-box\" data-id=\"bd5e41b\" data-element_type=\"widget\" data-e-type=\"widget\" data-widget_type=\"image-box.default\">\n\t\t\t\t<div class=\"elementor-widget-container\">\n\t\t\t\t\t<div class=\"elementor-image-box-wrapper\"><figure class=\"elementor-image-box-img\"><a href=\"https:\/\/marsetiketmatbaa.com.tr\/en\/karton-canta\/\" tabindex=\"-1\"><img loading=\"lazy\" decoding=\"async\" width=\"500\" height=\"500\" src=\"https:\/\/marsetiketmatbaa.com.tr\/wp-content\/uploads\/2025\/08\/62ed782cceefbf5482046db0_DSC05969.png\" class=\"attachment-full size-full wp-image-15423\" alt=\"\" srcset=\"https:\/\/marsetiketmatbaa.com.tr\/wp-content\/uploads\/2025\/08\/62ed782cceefbf5482046db0_DSC05969.png 500w, https:\/\/marsetiketmatbaa.com.tr\/wp-content\/uploads\/2025\/08\/62ed782cceefbf5482046db0_DSC05969-300x300.png 300w, https:\/\/marsetiketmatbaa.com.tr\/wp-content\/uploads\/2025\/08\/62ed782cceefbf5482046db0_DSC05969-150x150.png 150w, https:\/\/marsetiketmatbaa.com.tr\/wp-content\/uploads\/2025\/08\/62ed782cceefbf5482046db0_DSC05969-12x12.png 12w\" sizes=\"(max-width: 500px) 100vw, 500px\" \/><\/a><\/figure><div class=\"elementor-image-box-content\"><h3 class=\"elementor-image-box-title\"><a href=\"https:\/\/marsetiketmatbaa.com.tr\/en\/karton-canta\/\">Cardboard Bag<\/a><\/h3><\/div><\/div>\t\t\t\t<\/div>\n\t\t\t\t<\/div>\n\t\t\t\t\t<\/div>\n\t\t<\/div>\n\t\t\t\t<div class=\"elementor-column elementor-col-33 elementor-top-column elementor-element elementor-element-a5c43de\" data-id=\"a5c43de\" data-element_type=\"column\" data-e-type=\"column\">\n\t\t\t<div class=\"elementor-widget-wrap elementor-element-populated\">\n\t\t\t\t\t\t<div class=\"elementor-element elementor-element-a178a97 elementor-position-top elementor-widget elementor-widget-image-box\" data-id=\"a178a97\" data-element_type=\"widget\" data-e-type=\"widget\" data-widget_type=\"image-box.default\">\n\t\t\t\t<div class=\"elementor-widget-container\">\n\t\t\t\t\t<div class=\"elementor-image-box-wrapper\"><figure class=\"elementor-image-box-img\"><a href=\"https:\/\/marsetiketmatbaa.com.tr\/en\/kutu\/\" tabindex=\"-1\"><img loading=\"lazy\" decoding=\"async\" width=\"500\" height=\"500\" src=\"https:\/\/marsetiketmatbaa.com.tr\/wp-content\/uploads\/2025\/08\/630fe111d0700a361878fe47_shipping.png\" class=\"attachment-full size-full wp-image-15432\" alt=\"\" srcset=\"https:\/\/marsetiketmatbaa.com.tr\/wp-content\/uploads\/2025\/08\/630fe111d0700a361878fe47_shipping.png 500w, https:\/\/marsetiketmatbaa.com.tr\/wp-content\/uploads\/2025\/08\/630fe111d0700a361878fe47_shipping-300x300.png 300w, https:\/\/marsetiketmatbaa.com.tr\/wp-content\/uploads\/2025\/08\/630fe111d0700a361878fe47_shipping-150x150.png 150w, https:\/\/marsetiketmatbaa.com.tr\/wp-content\/uploads\/2025\/08\/630fe111d0700a361878fe47_shipping-12x12.png 12w\" sizes=\"(max-width: 500px) 100vw, 500px\" \/><\/a><\/figure><div class=\"elementor-image-box-content\"><h3 class=\"elementor-image-box-title\"><a href=\"https:\/\/marsetiketmatbaa.com.tr\/en\/kutu\/\">Box<\/a><\/h3><\/div><\/div>\t\t\t\t<\/div>\n\t\t\t\t<\/div>\n\t\t\t\t\t<\/div>\n\t\t<\/div>\n\t\t\t\t\t<\/div>\n\t\t<\/section>\n\t\t\t\t<section class=\"elementor-section elementor-top-section elementor-element elementor-element-2d0501f elementor-section-boxed elementor-section-height-default elementor-section-height-default\" data-id=\"2d0501f\" data-element_type=\"section\" data-e-type=\"section\">\n\t\t\t\t\t\t<div class=\"elementor-container elementor-column-gap-default\">\n\t\t\t\t\t<div class=\"elementor-column elementor-col-33 elementor-top-column elementor-element elementor-element-c7d4115\" data-id=\"c7d4115\" data-element_type=\"column\" data-e-type=\"column\">\n\t\t\t<div class=\"elementor-widget-wrap elementor-element-populated\">\n\t\t\t\t\t\t<div class=\"elementor-element elementor-element-b5cbeab elementor-widget__width-inherit elementor-position-top elementor-widget elementor-widget-image-box\" data-id=\"b5cbeab\" data-element_type=\"widget\" data-e-type=\"widget\" data-widget_type=\"image-box.default\">\n\t\t\t\t<div class=\"elementor-widget-container\">\n\t\t\t\t\t<div class=\"elementor-image-box-wrapper\"><figure class=\"elementor-image-box-img\"><a href=\"https:\/\/marsetiketmatbaa.com.tr\/en\/kaucuk\/\" tabindex=\"-1\"><img loading=\"lazy\" decoding=\"async\" width=\"900\" height=\"885\" src=\"https:\/\/marsetiketmatbaa.com.tr\/wp-content\/uploads\/2025\/09\/k3-2-e1758110058591.jpeg\" class=\"attachment-full size-full wp-image-15997\" alt=\"\" srcset=\"https:\/\/marsetiketmatbaa.com.tr\/wp-content\/uploads\/2025\/09\/k3-2-e1758110058591.jpeg 900w, https:\/\/marsetiketmatbaa.com.tr\/wp-content\/uploads\/2025\/09\/k3-2-e1758110058591-300x295.jpeg 300w, https:\/\/marsetiketmatbaa.com.tr\/wp-content\/uploads\/2025\/09\/k3-2-e1758110058591-768x755.jpeg 768w, https:\/\/marsetiketmatbaa.com.tr\/wp-content\/uploads\/2025\/09\/k3-2-e1758110058591-12x12.jpeg 12w\" sizes=\"(max-width: 900px) 100vw, 900px\" \/><\/a><\/figure><div class=\"elementor-image-box-content\"><h3 class=\"elementor-image-box-title\"><a href=\"https:\/\/marsetiketmatbaa.com.tr\/en\/kaucuk\/\">Rubber<\/a><\/h3><\/div><\/div>\t\t\t\t<\/div>\n\t\t\t\t<\/div>\n\t\t\t\t\t<\/div>\n\t\t<\/div>\n\t\t\t\t<div class=\"elementor-column elementor-col-33 elementor-top-column elementor-element elementor-element-48d8e27\" data-id=\"48d8e27\" data-element_type=\"column\" data-e-type=\"column\">\n\t\t\t<div class=\"elementor-widget-wrap\">\n\t\t\t\t\t\t\t<\/div>\n\t\t<\/div>\n\t\t\t\t<div class=\"elementor-column elementor-col-33 elementor-top-column elementor-element elementor-element-04d7228\" data-id=\"04d7228\" data-element_type=\"column\" data-e-type=\"column\">\n\t\t\t<div class=\"elementor-widget-wrap\">\n\t\t\t\t\t\t\t<\/div>\n\t\t<\/div>\n\t\t\t\t\t<\/div>\n\t\t<\/section>\n\t\t\t\t<\/div>","protected":false},"excerpt":{"rendered":"<p>Dokuma Etiketler Y\u0131kama Talimat\u0131 Etiketleri Karton Etiketler Deri Etiketler Sticker Etiket Hologram ve G\u00fcvenlik Etiketleri Barkod ve QR Kod Etiketleri Karton \u00c7anta Kutu Kau\u00e7uk<\/p>","protected":false},"author":1,"featured_media":0,"parent":0,"menu_order":0,"comment_status":"closed","ping_status":"closed","template":"","meta":{"footnotes":""},"class_list":["post-15259","page","type-page","status-publish","hentry"],"_links":{"self":[{"href":"https:\/\/marsetiketmatbaa.com.tr\/en\/wp-json\/wp\/v2\/pages\/15259","targetHints":{"allow":["GET"]}}],"collection":[{"href":"https:\/\/marsetiketmatbaa.com.tr\/en\/wp-json\/wp\/v2\/pages"}],"about":[{"href":"https:\/\/marsetiketmatbaa.com.tr\/en\/wp-json\/wp\/v2\/types\/page"}],"author":[{"embeddable":true,"href":"https:\/\/marsetiketmatbaa.com.tr\/en\/wp-json\/wp\/v2\/users\/1"}],"replies":[{"embeddable":true,"href":"https:\/\/marsetiketmatbaa.com.tr\/en\/wp-json\/wp\/v2\/comments?post=15259"}],"version-history":[{"count":20,"href":"https:\/\/marsetiketmatbaa.com.tr\/en\/wp-json\/wp\/v2\/pages\/15259\/revisions"}],"predecessor-version":[{"id":16116,"href":"https:\/\/marsetiketmatbaa.com.tr\/en\/wp-json\/wp\/v2\/pages\/15259\/revisions\/16116"}],"wp:attachment":[{"href":"https:\/\/marsetiketmatbaa.com.tr\/en\/wp-json\/wp\/v2\/media?parent=15259"}],"curies":[{"name":"wp","href":"https:\/\/api.w.org\/{rel}","templated":true}]}}