{"id":15250,"date":"2025-07-25T08:39:00","date_gmt":"2025-07-25T08:39:00","guid":{"rendered":"https:\/\/marsetiketmatbaa.com.tr\/?page_id=15250"},"modified":"2025-09-20T11:54:03","modified_gmt":"2025-09-20T11:54:03","slug":"hakkimizda","status":"publish","type":"page","link":"https:\/\/marsetiketmatbaa.com.tr\/en\/hakkimizda\/","title":{"rendered":"About Us"},"content":{"rendered":"<div data-elementor-type=\"wp-page\" data-elementor-id=\"15250\" class=\"elementor elementor-15250\" data-elementor-post-type=\"page\">\n\t\t\t\t\t\t<section class=\"elementor-section elementor-top-section elementor-element elementor-element-1e46568 elementor-section-boxed elementor-section-height-default elementor-section-height-default\" data-id=\"1e46568\" data-element_type=\"section\" data-e-type=\"section\">\n\t\t\t\t\t\t<div class=\"elementor-container elementor-column-gap-default\">\n\t\t\t\t\t<div class=\"elementor-column elementor-col-100 elementor-top-column elementor-element elementor-element-ab94aec\" data-id=\"ab94aec\" data-element_type=\"column\" data-e-type=\"column\">\n\t\t\t<div class=\"elementor-widget-wrap elementor-element-populated\">\n\t\t\t\t\t\t<div class=\"elementor-element elementor-element-1c2acf5 elementor-widget elementor-widget-spacer\" data-id=\"1c2acf5\" data-element_type=\"widget\" data-e-type=\"widget\" data-widget_type=\"spacer.default\">\n\t\t\t\t<div class=\"elementor-widget-container\">\n\t\t\t\t\t\t\t<div class=\"elementor-spacer\">\n\t\t\t<div class=\"elementor-spacer-inner\"><\/div>\n\t\t<\/div>\n\t\t\t\t\t\t<\/div>\n\t\t\t\t<\/div>\n\t\t\t\t\t<\/div>\n\t\t<\/div>\n\t\t\t\t\t<\/div>\n\t\t<\/section>\n\t\t\t\t<section class=\"elementor-section elementor-top-section elementor-element elementor-element-2552ee7 elementor-section-boxed elementor-section-height-default elementor-section-height-default\" data-id=\"2552ee7\" data-element_type=\"section\" data-e-type=\"section\">\n\t\t\t\t\t\t<div class=\"elementor-container elementor-column-gap-default\">\n\t\t\t\t\t<div class=\"elementor-column elementor-col-100 elementor-top-column elementor-element elementor-element-951fc16\" data-id=\"951fc16\" data-element_type=\"column\" data-e-type=\"column\">\n\t\t\t<div class=\"elementor-widget-wrap elementor-element-populated\">\n\t\t\t\t\t\t<div class=\"elementor-element elementor-element-379785e elementor-widget elementor-widget-heading\" data-id=\"379785e\" data-element_type=\"widget\" data-e-type=\"widget\" data-widget_type=\"heading.default\">\n\t\t\t\t<div class=\"elementor-widget-container\">\n\t\t\t\t\t<h2 class=\"elementor-heading-title elementor-size-default\">Who Are We?<\/h2>\t\t\t\t<\/div>\n\t\t\t\t<\/div>\n\t\t\t\t<div class=\"elementor-element elementor-element-58ec19d elementor-widget elementor-widget-text-editor\" data-id=\"58ec19d\" data-element_type=\"widget\" data-e-type=\"widget\" data-widget_type=\"text-editor.default\">\n\t\t\t\t<div class=\"elementor-widget-container\">\n\t\t\t\t\t\t\t\t\t<p>At Mars Label, we&#039;re not just a label manufacturer; we&#039;re a solution partner that enhances brand visibility, communicates their products, and conveys their values. Behind every label lies knowledge, experience, and a meticulously executed production process.<\/p>\t\t\t\t\t\t\t\t<\/div>\n\t\t\t\t<\/div>\n\t\t\t\t\t<\/div>\n\t\t<\/div>\n\t\t\t\t\t<\/div>\n\t\t<\/section>\n\t\t\t\t<section class=\"elementor-section elementor-top-section elementor-element elementor-element-c749a85 elementor-section-boxed elementor-section-height-default elementor-section-height-default\" data-id=\"c749a85\" data-element_type=\"section\" data-e-type=\"section\">\n\t\t\t\t\t\t<div class=\"elementor-container elementor-column-gap-default\">\n\t\t\t\t\t<div class=\"elementor-column elementor-col-100 elementor-top-column elementor-element elementor-element-534b964\" data-id=\"534b964\" data-element_type=\"column\" data-e-type=\"column\">\n\t\t\t<div class=\"elementor-widget-wrap elementor-element-populated\">\n\t\t\t\t\t\t<section class=\"elementor-section elementor-inner-section elementor-element elementor-element-8894063 elementor-section-boxed elementor-section-height-default elementor-section-height-default\" data-id=\"8894063\" data-element_type=\"section\" data-e-type=\"section\">\n\t\t\t\t\t\t<div class=\"elementor-container elementor-column-gap-default\">\n\t\t\t\t\t<div class=\"elementor-column elementor-col-50 elementor-inner-column elementor-element elementor-element-594e310\" data-id=\"594e310\" data-element_type=\"column\" data-e-type=\"column\">\n\t\t\t<div class=\"elementor-widget-wrap elementor-element-populated\">\n\t\t\t\t\t\t<div class=\"elementor-element elementor-element-8be2d6b elementor-widget elementor-widget-heading\" data-id=\"8be2d6b\" data-element_type=\"widget\" data-e-type=\"widget\" data-widget_type=\"heading.default\">\n\t\t\t\t<div class=\"elementor-widget-container\">\n\t\t\t\t\t<h4 class=\"elementor-heading-title elementor-size-default\">Our Founding Story<\/h4>\t\t\t\t<\/div>\n\t\t\t\t<\/div>\n\t\t\t\t<div class=\"elementor-element elementor-element-854320a elementor-widget elementor-widget-text-editor\" data-id=\"854320a\" data-element_type=\"widget\" data-e-type=\"widget\" data-widget_type=\"text-editor.default\">\n\t\t\t\t<div class=\"elementor-widget-container\">\n\t\t\t\t\t\t\t\t\t<p>Since our inception, we have grown based on quality and trust. We quickly adapted to evolving technologies and meticulously analyzed customer expectations. Today, we are proud to be a dynamic and innovative brand serving a diverse range of sectors.<\/p>\t\t\t\t\t\t\t\t<\/div>\n\t\t\t\t<\/div>\n\t\t\t\t\t<\/div>\n\t\t<\/div>\n\t\t\t\t<div class=\"elementor-column elementor-col-50 elementor-inner-column elementor-element elementor-element-7d0168e\" data-id=\"7d0168e\" data-element_type=\"column\" data-e-type=\"column\">\n\t\t\t<div class=\"elementor-widget-wrap elementor-element-populated\">\n\t\t\t\t\t\t<div class=\"elementor-element elementor-element-666f733 elementor-widget elementor-widget-image\" data-id=\"666f733\" data-element_type=\"widget\" data-e-type=\"widget\" data-widget_type=\"image.default\">\n\t\t\t\t<div class=\"elementor-widget-container\">\n\t\t\t\t\t\t\t\t\t\t\t\t\t\t\t<img fetchpriority=\"high\" decoding=\"async\" width=\"800\" height=\"605\" src=\"https:\/\/marsetiketmatbaa.com.tr\/wp-content\/uploads\/2025\/07\/PANTONE-1024x774.jpeg\" class=\"attachment-large size-large wp-image-15163\" alt=\"\" srcset=\"https:\/\/marsetiketmatbaa.com.tr\/wp-content\/uploads\/2025\/07\/PANTONE-1024x774.jpeg 1024w, https:\/\/marsetiketmatbaa.com.tr\/wp-content\/uploads\/2025\/07\/PANTONE-300x227.jpeg 300w, https:\/\/marsetiketmatbaa.com.tr\/wp-content\/uploads\/2025\/07\/PANTONE-768x580.jpeg 768w, https:\/\/marsetiketmatbaa.com.tr\/wp-content\/uploads\/2025\/07\/PANTONE.jpeg 1138w\" sizes=\"(max-width: 800px) 100vw, 800px\" \/>\t\t\t\t\t\t\t\t\t\t\t\t\t\t\t<\/div>\n\t\t\t\t<\/div>\n\t\t\t\t\t<\/div>\n\t\t<\/div>\n\t\t\t\t\t<\/div>\n\t\t<\/section>\n\t\t\t\t\t<\/div>\n\t\t<\/div>\n\t\t\t\t\t<\/div>\n\t\t<\/section>\n\t\t\t\t<section class=\"elementor-section elementor-top-section elementor-element elementor-element-a1a2f80 elementor-section-boxed elementor-section-height-default elementor-section-height-default\" data-id=\"a1a2f80\" data-element_type=\"section\" data-e-type=\"section\">\n\t\t\t\t\t\t<div class=\"elementor-container elementor-column-gap-default\">\n\t\t\t\t\t<div class=\"elementor-column elementor-col-100 elementor-top-column elementor-element elementor-element-f344ef2\" data-id=\"f344ef2\" data-element_type=\"column\" data-e-type=\"column\">\n\t\t\t<div class=\"elementor-widget-wrap elementor-element-populated\">\n\t\t\t\t\t\t<div class=\"elementor-element elementor-element-d224450 elementor-widget elementor-widget-spacer\" data-id=\"d224450\" data-element_type=\"widget\" data-e-type=\"widget\" data-widget_type=\"spacer.default\">\n\t\t\t\t<div class=\"elementor-widget-container\">\n\t\t\t\t\t\t\t<div class=\"elementor-spacer\">\n\t\t\t<div class=\"elementor-spacer-inner\"><\/div>\n\t\t<\/div>\n\t\t\t\t\t\t<\/div>\n\t\t\t\t<\/div>\n\t\t\t\t<section class=\"elementor-section elementor-inner-section elementor-element elementor-element-b264bd2 elementor-section-boxed elementor-section-height-default elementor-section-height-default\" data-id=\"b264bd2\" data-element_type=\"section\" data-e-type=\"section\">\n\t\t\t\t\t\t<div class=\"elementor-container elementor-column-gap-custom\">\n\t\t\t\t\t<div class=\"elementor-column elementor-col-50 elementor-inner-column elementor-element elementor-element-b80da9b\" data-id=\"b80da9b\" data-element_type=\"column\" data-e-type=\"column\">\n\t\t\t<div class=\"elementor-widget-wrap elementor-element-populated\">\n\t\t\t\t\t\t<div class=\"elementor-element elementor-element-da1661a elementor-widget elementor-widget-heading\" data-id=\"da1661a\" data-element_type=\"widget\" data-e-type=\"widget\" data-widget_type=\"heading.default\">\n\t\t\t\t<div class=\"elementor-widget-container\">\n\t\t\t\t\t<h5 class=\"elementor-heading-title elementor-size-default\">Our Mission<\/h5>\t\t\t\t<\/div>\n\t\t\t\t<\/div>\n\t\t\t\t<div class=\"elementor-element elementor-element-55b92e6 elementor-widget elementor-widget-text-editor\" data-id=\"55b92e6\" data-element_type=\"widget\" data-e-type=\"widget\" data-widget_type=\"text-editor.default\">\n\t\t\t\t<div class=\"elementor-widget-container\">\n\t\t\t\t\t\t\t\t\t<p>To increase the value of our customers&#039; products by offering customized solutions. To add value to brands by producing high-quality, functional, and aesthetic labels.<\/p>\t\t\t\t\t\t\t\t<\/div>\n\t\t\t\t<\/div>\n\t\t\t\t\t<\/div>\n\t\t<\/div>\n\t\t\t\t<div class=\"elementor-column elementor-col-50 elementor-inner-column elementor-element elementor-element-718c09f\" data-id=\"718c09f\" data-element_type=\"column\" data-e-type=\"column\">\n\t\t\t<div class=\"elementor-widget-wrap elementor-element-populated\">\n\t\t\t\t\t\t<div class=\"elementor-element elementor-element-74eed2b elementor-widget elementor-widget-heading\" data-id=\"74eed2b\" data-element_type=\"widget\" data-e-type=\"widget\" data-widget_type=\"heading.default\">\n\t\t\t\t<div class=\"elementor-widget-container\">\n\t\t\t\t\t<h5 class=\"elementor-heading-title elementor-size-default\">Our vision<\/h5>\t\t\t\t<\/div>\n\t\t\t\t<\/div>\n\t\t\t\t<div class=\"elementor-element elementor-element-6e788e0 elementor-widget elementor-widget-text-editor\" data-id=\"6e788e0\" data-element_type=\"widget\" data-e-type=\"widget\" data-widget_type=\"text-editor.default\">\n\t\t\t\t<div class=\"elementor-widget-container\">\n\t\t\t\t\t\t\t\t\t<p>To be one of T\u00fcrkiye&#039;s most reliable and innovative companies in the label sector. To become a brand that shapes production not only today but also the future.<\/p>\t\t\t\t\t\t\t\t<\/div>\n\t\t\t\t<\/div>\n\t\t\t\t\t<\/div>\n\t\t<\/div>\n\t\t\t\t\t<\/div>\n\t\t<\/section>\n\t\t\t\t<section class=\"elementor-section elementor-inner-section elementor-element elementor-element-232a8dc elementor-section-boxed elementor-section-height-default elementor-section-height-default\" data-id=\"232a8dc\" data-element_type=\"section\" data-e-type=\"section\">\n\t\t\t\t\t\t<div class=\"elementor-container elementor-column-gap-default\">\n\t\t\t\t\t<div class=\"elementor-column elementor-col-50 elementor-inner-column elementor-element elementor-element-c7c190f\" data-id=\"c7c190f\" data-element_type=\"column\" data-e-type=\"column\">\n\t\t\t<div class=\"elementor-widget-wrap elementor-element-populated\">\n\t\t\t\t\t\t<div class=\"elementor-element elementor-element-9b82715 elementor-widget elementor-widget-image\" data-id=\"9b82715\" data-element_type=\"widget\" data-e-type=\"widget\" data-widget_type=\"image.default\">\n\t\t\t\t<div class=\"elementor-widget-container\">\n\t\t\t\t\t\t\t\t\t\t\t\t\t\t\t<img decoding=\"async\" width=\"574\" height=\"860\" src=\"https:\/\/marsetiketmatbaa.com.tr\/wp-content\/uploads\/2025\/09\/WhatsApp-Image-2025-08-05-at-09.56.05.jpeg\" class=\"attachment-large size-large wp-image-15605\" alt=\"\" srcset=\"https:\/\/marsetiketmatbaa.com.tr\/wp-content\/uploads\/2025\/09\/WhatsApp-Image-2025-08-05-at-09.56.05.jpeg 574w, https:\/\/marsetiketmatbaa.com.tr\/wp-content\/uploads\/2025\/09\/WhatsApp-Image-2025-08-05-at-09.56.05-200x300.jpeg 200w, https:\/\/marsetiketmatbaa.com.tr\/wp-content\/uploads\/2025\/09\/WhatsApp-Image-2025-08-05-at-09.56.05-8x12.jpeg 8w\" sizes=\"(max-width: 574px) 100vw, 574px\" \/>\t\t\t\t\t\t\t\t\t\t\t\t\t\t\t<\/div>\n\t\t\t\t<\/div>\n\t\t\t\t\t<\/div>\n\t\t<\/div>\n\t\t\t\t<div class=\"elementor-column elementor-col-50 elementor-inner-column elementor-element elementor-element-748d2b9\" data-id=\"748d2b9\" data-element_type=\"column\" data-e-type=\"column\">\n\t\t\t<div class=\"elementor-widget-wrap elementor-element-populated\">\n\t\t\t\t\t\t<div class=\"elementor-element elementor-element-e011a05 elementor-widget elementor-widget-image\" data-id=\"e011a05\" data-element_type=\"widget\" data-e-type=\"widget\" data-widget_type=\"image.default\">\n\t\t\t\t<div class=\"elementor-widget-container\">\n\t\t\t\t\t\t\t\t\t\t\t\t\t\t\t<img decoding=\"async\" width=\"680\" height=\"841\" src=\"https:\/\/marsetiketmatbaa.com.tr\/wp-content\/uploads\/2025\/09\/WhatsApp-Image-2025-08-05-at-09.56.06.jpeg\" class=\"attachment-large size-large wp-image-15606\" alt=\"\" srcset=\"https:\/\/marsetiketmatbaa.com.tr\/wp-content\/uploads\/2025\/09\/WhatsApp-Image-2025-08-05-at-09.56.06.jpeg 680w, https:\/\/marsetiketmatbaa.com.tr\/wp-content\/uploads\/2025\/09\/WhatsApp-Image-2025-08-05-at-09.56.06-243x300.jpeg 243w, https:\/\/marsetiketmatbaa.com.tr\/wp-content\/uploads\/2025\/09\/WhatsApp-Image-2025-08-05-at-09.56.06-10x12.jpeg 10w\" sizes=\"(max-width: 680px) 100vw, 680px\" \/>\t\t\t\t\t\t\t\t\t\t\t\t\t\t\t<\/div>\n\t\t\t\t<\/div>\n\t\t\t\t\t<\/div>\n\t\t<\/div>\n\t\t\t\t\t<\/div>\n\t\t<\/section>\n\t\t\t\t\t<\/div>\n\t\t<\/div>\n\t\t\t\t\t<\/div>\n\t\t<\/section>\n\t\t\t\t<section class=\"elementor-section elementor-top-section elementor-element elementor-element-266e8f7 elementor-section-boxed elementor-section-height-default elementor-section-height-default\" data-id=\"266e8f7\" data-element_type=\"section\" data-e-type=\"section\">\n\t\t\t\t\t\t<div class=\"elementor-container elementor-column-gap-default\">\n\t\t\t\t\t<div class=\"elementor-column elementor-col-20 elementor-top-column elementor-element elementor-element-a578276\" data-id=\"a578276\" data-element_type=\"column\" data-e-type=\"column\">\n\t\t\t<div class=\"elementor-widget-wrap elementor-element-populated\">\n\t\t\t\t\t\t<div class=\"elementor-element elementor-element-b028d30 elementor-widget elementor-widget-heading\" data-id=\"b028d30\" data-element_type=\"widget\" data-e-type=\"widget\" data-widget_type=\"heading.default\">\n\t\t\t\t<div class=\"elementor-widget-container\">\n\t\t\t\t\t<h4 class=\"elementor-heading-title elementor-size-default\">Quality<\/h4>\t\t\t\t<\/div>\n\t\t\t\t<\/div>\n\t\t\t\t<div class=\"elementor-element elementor-element-3d174fe elementor-widget elementor-widget-text-editor\" data-id=\"3d174fe\" data-element_type=\"widget\" data-e-type=\"widget\" data-widget_type=\"text-editor.default\">\n\t\t\t\t<div class=\"elementor-widget-container\">\n\t\t\t\t\t\t\t\t\t<p>100% quality control at every stage from raw materials to delivery.<\/p>\t\t\t\t\t\t\t\t<\/div>\n\t\t\t\t<\/div>\n\t\t\t\t\t<\/div>\n\t\t<\/div>\n\t\t\t\t<div class=\"elementor-column elementor-col-20 elementor-top-column elementor-element elementor-element-8ed83d4\" data-id=\"8ed83d4\" data-element_type=\"column\" data-e-type=\"column\">\n\t\t\t<div class=\"elementor-widget-wrap elementor-element-populated\">\n\t\t\t\t\t\t<div class=\"elementor-element elementor-element-aebc7f9 elementor-widget elementor-widget-heading\" data-id=\"aebc7f9\" data-element_type=\"widget\" data-e-type=\"widget\" data-widget_type=\"heading.default\">\n\t\t\t\t<div class=\"elementor-widget-container\">\n\t\t\t\t\t<h4 class=\"elementor-heading-title elementor-size-default\">Trust<\/h4>\t\t\t\t<\/div>\n\t\t\t\t<\/div>\n\t\t\t\t<div class=\"elementor-element elementor-element-2cdf3e1 elementor-widget elementor-widget-text-editor\" data-id=\"2cdf3e1\" data-element_type=\"widget\" data-e-type=\"widget\" data-widget_type=\"text-editor.default\">\n\t\t\t\t<div class=\"elementor-widget-container\">\n\t\t\t\t\t\t\t\t\t<p>We establish long-term, transparent and mutually trusting relationships with our customers.<\/p>\t\t\t\t\t\t\t\t<\/div>\n\t\t\t\t<\/div>\n\t\t\t\t\t<\/div>\n\t\t<\/div>\n\t\t\t\t<div class=\"elementor-column elementor-col-20 elementor-top-column elementor-element elementor-element-6cf08d5\" data-id=\"6cf08d5\" data-element_type=\"column\" data-e-type=\"column\">\n\t\t\t<div class=\"elementor-widget-wrap elementor-element-populated\">\n\t\t\t\t\t\t<div class=\"elementor-element elementor-element-0db0511 elementor-widget elementor-widget-heading\" data-id=\"0db0511\" data-element_type=\"widget\" data-e-type=\"widget\" data-widget_type=\"heading.default\">\n\t\t\t\t<div class=\"elementor-widget-container\">\n\t\t\t\t\t<h4 class=\"elementor-heading-title elementor-size-default\">Solution Focused<\/h4>\t\t\t\t<\/div>\n\t\t\t\t<\/div>\n\t\t\t\t<div class=\"elementor-element elementor-element-a43c918 elementor-widget elementor-widget-text-editor\" data-id=\"a43c918\" data-element_type=\"widget\" data-e-type=\"widget\" data-widget_type=\"text-editor.default\">\n\t\t\t\t<div class=\"elementor-widget-container\">\n\t\t\t\t\t\t\t\t\t<p>We know that every brand has different needs and we act accordingly.<\/p>\t\t\t\t\t\t\t\t<\/div>\n\t\t\t\t<\/div>\n\t\t\t\t\t<\/div>\n\t\t<\/div>\n\t\t\t\t<div class=\"elementor-column elementor-col-20 elementor-top-column elementor-element elementor-element-8898231\" data-id=\"8898231\" data-element_type=\"column\" data-e-type=\"column\">\n\t\t\t<div class=\"elementor-widget-wrap elementor-element-populated\">\n\t\t\t\t\t\t<div class=\"elementor-element elementor-element-d5fe87f elementor-widget elementor-widget-heading\" data-id=\"d5fe87f\" data-element_type=\"widget\" data-e-type=\"widget\" data-widget_type=\"heading.default\">\n\t\t\t\t<div class=\"elementor-widget-container\">\n\t\t\t\t\t<h4 class=\"elementor-heading-title elementor-size-default\">Innovation<\/h4>\t\t\t\t<\/div>\n\t\t\t\t<\/div>\n\t\t\t\t<div class=\"elementor-element elementor-element-b1fe03d elementor-widget elementor-widget-text-editor\" data-id=\"b1fe03d\" data-element_type=\"widget\" data-e-type=\"widget\" data-widget_type=\"text-editor.default\">\n\t\t\t\t<div class=\"elementor-widget-container\">\n\t\t\t\t\t\t\t\t\t<p>We constantly pursue innovation in printing technologies, material options and production processes.<\/p>\t\t\t\t\t\t\t\t<\/div>\n\t\t\t\t<\/div>\n\t\t\t\t\t<\/div>\n\t\t<\/div>\n\t\t\t\t<div class=\"elementor-column elementor-col-20 elementor-top-column elementor-element elementor-element-a872c25\" data-id=\"a872c25\" data-element_type=\"column\" data-e-type=\"column\">\n\t\t\t<div class=\"elementor-widget-wrap elementor-element-populated\">\n\t\t\t\t\t\t<div class=\"elementor-element elementor-element-1025931 elementor-widget elementor-widget-heading\" data-id=\"1025931\" data-element_type=\"widget\" data-e-type=\"widget\" data-widget_type=\"heading.default\">\n\t\t\t\t<div class=\"elementor-widget-container\">\n\t\t\t\t\t<h4 class=\"elementor-heading-title elementor-size-default\">Co friendly production<\/h4>\t\t\t\t<\/div>\n\t\t\t\t<\/div>\n\t\t\t\t<div class=\"elementor-element elementor-element-a8d8f82 elementor-widget elementor-widget-text-editor\" data-id=\"a8d8f82\" data-element_type=\"widget\" data-e-type=\"widget\" data-widget_type=\"text-editor.default\">\n\t\t\t\t<div class=\"elementor-widget-container\">\n\t\t\t\t\t\t\t\t\t<p>We care about sustainability and we produce with sustainable &amp; recyclable materials<\/p>\t\t\t\t\t\t\t\t<\/div>\n\t\t\t\t<\/div>\n\t\t\t\t\t<\/div>\n\t\t<\/div>\n\t\t\t\t\t<\/div>\n\t\t<\/section>\n\t\t\t\t<\/div>","protected":false},"excerpt":{"rendered":"<p>Biz Kimiz? Mars Etiket olarak biz, sadece bir etiket \u00fcreticisi de\u011fil; markalar\u0131n g\u00f6r\u00fcn\u00fcrl\u00fc\u011f\u00fcn\u00fc art\u0131ran, \u00fcr\u00fcnlerini anlatan ve de\u011ferlerini ta\u015f\u0131yan bir \u00e7\u00f6z\u00fcm orta\u011f\u0131y\u0131z. Her bir etiketin arkas\u0131nda; bilgi, deneyim ve \u00f6zenle y\u00fcr\u00fct\u00fclm\u00fc\u015f bir \u00fcretim s\u00fcreci bulunur. Kurulu\u015f Hikayemiz Yola \u00e7\u0131kt\u0131\u011f\u0131m\u0131z ilk g\u00fcnden beri, kalite ve g\u00fcveni temel alarak b\u00fcy\u00fcd\u00fck. Geli\u015fen teknolojilere h\u0131zla adapte olduk, m\u00fc\u015fteri beklentilerini [&hellip;]<\/p>","protected":false},"author":1,"featured_media":0,"parent":0,"menu_order":0,"comment_status":"closed","ping_status":"closed","template":"","meta":{"footnotes":""},"class_list":["post-15250","page","type-page","status-publish","hentry"],"_links":{"self":[{"href":"https:\/\/marsetiketmatbaa.com.tr\/en\/wp-json\/wp\/v2\/pages\/15250","targetHints":{"allow":["GET"]}}],"collection":[{"href":"https:\/\/marsetiketmatbaa.com.tr\/en\/wp-json\/wp\/v2\/pages"}],"about":[{"href":"https:\/\/marsetiketmatbaa.com.tr\/en\/wp-json\/wp\/v2\/types\/page"}],"author":[{"embeddable":true,"href":"https:\/\/marsetiketmatbaa.com.tr\/en\/wp-json\/wp\/v2\/users\/1"}],"replies":[{"embeddable":true,"href":"https:\/\/marsetiketmatbaa.com.tr\/en\/wp-json\/wp\/v2\/comments?post=15250"}],"version-history":[{"count":16,"href":"https:\/\/marsetiketmatbaa.com.tr\/en\/wp-json\/wp\/v2\/pages\/15250\/revisions"}],"predecessor-version":[{"id":16106,"href":"https:\/\/marsetiketmatbaa.com.tr\/en\/wp-json\/wp\/v2\/pages\/15250\/revisions\/16106"}],"wp:attachment":[{"href":"https:\/\/marsetiketmatbaa.com.tr\/en\/wp-json\/wp\/v2\/media?parent=15250"}],"curies":[{"name":"wp","href":"https:\/\/api.w.org\/{rel}","templated":true}]}}